{"id":58,"date":"2023-12-26T14:39:39","date_gmt":"2023-12-26T13:39:39","guid":{"rendered":"http:\/\/localhost\/wordpress%20club_2\/?page_id=58"},"modified":"2026-02-06T13:56:50","modified_gmt":"2026-02-06T12:56:50","slug":"pourquoi-pas","status":"publish","type":"page","link":"https:\/\/club-informatique-laroque.fr\/index.php\/pourquoi-pas\/","title":{"rendered":"Pourquoi pas ?"},"content":{"rendered":"\n<p><strong>Vous avez un ordinateur <\/strong>et vous \u00eates conscients que vous pouvez lui en demander plus mais vous ne savez pas comment. <br><strong>Vous n&rsquo;avez pas d&rsquo;ordinateur <\/strong>mais vous aimeriez bien en acheter un, mais vous ne savez pas lequel.<br><strong>Vous vous demandez<\/strong> si vous arriveriez \u00e0 l&rsquo;utiliser comme il faut.<br><strong>Vous avez d\u00e9j\u00e0 une bonne culture informatique <\/strong>et vous souhaitez vous am\u00e9liorer.<br><strong>Vous souhaitez<\/strong> mieux utiliser votre tablette ou t\u00e9l\u00e9phone.&nbsp;<\/p>\n\n\n\n<p class=\"Alorsvenez has-theme-palette-1-color has-text-color has-link-color has-medium-font-size wp-elements-5e7db13ab3ea25f7ea979c22007da591\" style=\"padding-right:0;padding-left:0\"><strong>Alors venez nous rejoindre au Club Informatique Rocatin<\/strong> !<\/p>\n\n\n\n<p>Vous y trouverez des ordinateurs fonctionnant sur <strong>Windows 11<\/strong>.<br>Les ateliers sont anim\u00e9s par des personnes conviviales et comp\u00e9tentes.<br>Vous pouvez aussi venir avec votre ordinateur.<\/p>\n\n\n\n<p><strong>Exemple des sujets trait\u00e9s :<\/strong><\/p>\n\n\n\n<p><strong>Windows et son environnement<\/strong>. Personnalisation d\u2019un compte utilisateur.<br><strong>Organisation<\/strong> de ses <strong>fichiers et ses dossiers<\/strong> S\u00e9curit\u00e9, sauvegarde.<br><strong>Utilitaires<\/strong> : gestion d\u2019espace disque, recherche de doublons, suppression fichier r\u00e9calcitrant.<br><strong>Internet et ses pi\u00e8ges. <\/strong>Navigation s\u00e9curis\u00e9e avec le navigateur Op\u00e9ra. <br><strong>Organiser sa messagerie<\/strong>, la s\u00e9curit\u00e9 (<strong>Hackage, fake news<\/strong>).<br><strong>R\u00e9seaux sociaux.<\/strong><br><strong>LibreOffice<\/strong>, <strong>suite bureautique gratuite et libre<\/strong>, traitement de texte, tableur, pr\u00e9sentation\u2026<br><strong>Cr\u00e9ations personnalis\u00e9es <\/strong>en ligne et impression : Cartes d\u2019anniversaire, Livres photos.<br><strong>Audio <\/strong>: Traitement avec Audacity.<br><strong>Photos<\/strong> : Visionneuse, modification attributs, redimensionnement, effets sp\u00e9ciaux, <br><strong>Retouches d\u2019images<\/strong> et de photos avec PhotoFiltre Studio.<br><strong>Vid\u00e9o <\/strong>: T\u00e9l\u00e9chargement et sauvegarde vid\u00e9os, montage vid\u00e9o avec Clipchamp, Cyberlink ou Power Director.<br><strong>Tablettes et Smartphones.<\/strong> Les applications, installations, utilisations.<\/p>\n\n\n\n<p><strong>Et bien d&rsquo;autres encore<\/strong> &#8230;<\/p>\n\n\n\n<div class=\"wp-block-buttons is-content-justification-center is-layout-flex wp-container-core-buttons-is-layout-16018d1d wp-block-buttons-is-layout-flex\">\n<div class=\"wp-block-button is-style-outline is-style-outline--1\"><a class=\"wp-block-button__link wp-element-button\" href=\"https:\/\/club-informatique-laroque.fr\/index.php\/qui-sommes-nous\/\" style=\"border-radius:9px\"><strong>Qui sommes-nous ?<\/strong><\/a><\/div>\n\n\n\n<div class=\"wp-block-button is-style-outline is-style-outline--2\"><a class=\"wp-block-button__link wp-element-button\" href=\"https:\/\/club-informatique-laroque.fr\/index.php\/ou-sommes-nous\/\" style=\"border-radius:9px\"><strong>O\u00f9 sommes-nous ?<\/strong><\/a><\/div>\n<\/div>\n\n\n\n<p><\/p>\n","protected":false},"excerpt":{"rendered":"<p>Vous avez un ordinateur et vous \u00eates conscients que vous pouvez lui en demander plus mais vous ne savez pas comment. Vous n&rsquo;avez pas d&rsquo;ordinateur mais vous aimeriez bien en acheter un, mais vous ne savez pas lequel.Vous vous demandez si vous arriveriez \u00e0 l&rsquo;utiliser comme il faut.Vous avez d\u00e9j\u00e0 une bonne culture informatique et&#8230;<\/p>\n","protected":false},"author":1,"featured_media":0,"parent":0,"menu_order":0,"comment_status":"closed","ping_status":"closed","template":"","meta":{"_kadence_starter_templates_imported_post":false,"_kad_post_transparent":"","_kad_post_title":"","_kad_post_layout":"","_kad_post_sidebar_id":"","_kad_post_content_style":"","_kad_post_vertical_padding":"","_kad_post_feature":"","_kad_post_feature_position":"","_kad_post_header":false,"_kad_post_footer":false,"footnotes":""},"class_list":["post-58","page","type-page","status-publish","hentry"],"yoast_head":"<!-- This site is optimized with the Yoast SEO plugin v27.5 - https:\/\/yoast.com\/product\/yoast-seo-wordpress\/ -->\n<title>Pourquoi pas ? - Club informatique Laroque des Alb\u00e8res<\/title>\n<meta name=\"robots\" content=\"index, follow, max-snippet:-1, max-image-preview:large, max-video-preview:-1\" \/>\n<link rel=\"canonical\" href=\"https:\/\/club-informatique-laroque.fr\/index.php\/pourquoi-pas\/\" \/>\n<meta property=\"og:locale\" content=\"fr_FR\" \/>\n<meta property=\"og:type\" content=\"article\" \/>\n<meta property=\"og:title\" content=\"Pourquoi pas ? - Club informatique Laroque des Alb\u00e8res\" \/>\n<meta property=\"og:description\" content=\"Vous avez un ordinateur et vous \u00eates conscients que vous pouvez lui en demander plus mais vous ne savez pas comment. Vous n&rsquo;avez pas d&rsquo;ordinateur mais vous aimeriez bien en acheter un, mais vous ne savez pas lequel.Vous vous demandez si vous arriveriez \u00e0 l&rsquo;utiliser comme il faut.Vous avez d\u00e9j\u00e0 une bonne culture informatique et...\" \/>\n<meta property=\"og:url\" content=\"https:\/\/club-informatique-laroque.fr\/index.php\/pourquoi-pas\/\" \/>\n<meta property=\"og:site_name\" content=\"Club informatique Laroque des Alb\u00e8res\" \/>\n<meta property=\"article:modified_time\" content=\"2026-02-06T12:56:50+00:00\" \/>\n<meta name=\"twitter:card\" content=\"summary_large_image\" \/>\n<meta name=\"twitter:label1\" content=\"Dur\u00e9e de lecture estim\u00e9e\" \/>\n\t<meta name=\"twitter:data1\" content=\"2 minutes\" \/>\n<script type=\"application\/ld+json\" class=\"yoast-schema-graph\">{\"@context\":\"https:\\\/\\\/schema.org\",\"@graph\":[{\"@type\":\"WebPage\",\"@id\":\"https:\\\/\\\/club-informatique-laroque.fr\\\/index.php\\\/pourquoi-pas\\\/\",\"url\":\"https:\\\/\\\/club-informatique-laroque.fr\\\/index.php\\\/pourquoi-pas\\\/\",\"name\":\"Pourquoi pas ? - Club informatique Laroque des Alb\u00e8res\",\"isPartOf\":{\"@id\":\"https:\\\/\\\/club-informatique-laroque.fr\\\/#website\"},\"datePublished\":\"2023-12-26T13:39:39+00:00\",\"dateModified\":\"2026-02-06T12:56:50+00:00\",\"breadcrumb\":{\"@id\":\"https:\\\/\\\/club-informatique-laroque.fr\\\/index.php\\\/pourquoi-pas\\\/#breadcrumb\"},\"inLanguage\":\"fr-FR\",\"potentialAction\":[{\"@type\":\"ReadAction\",\"target\":[\"https:\\\/\\\/club-informatique-laroque.fr\\\/index.php\\\/pourquoi-pas\\\/\"]}]},{\"@type\":\"BreadcrumbList\",\"@id\":\"https:\\\/\\\/club-informatique-laroque.fr\\\/index.php\\\/pourquoi-pas\\\/#breadcrumb\",\"itemListElement\":[{\"@type\":\"ListItem\",\"position\":1,\"name\":\"Accueil\",\"item\":\"https:\\\/\\\/club-informatique-laroque.fr\\\/\"},{\"@type\":\"ListItem\",\"position\":2,\"name\":\"Pourquoi pas ?\"}]},{\"@type\":\"WebSite\",\"@id\":\"https:\\\/\\\/club-informatique-laroque.fr\\\/#website\",\"url\":\"https:\\\/\\\/club-informatique-laroque.fr\\\/\",\"name\":\"Club informatique Laroque des Alb\u00e8res\",\"description\":\"\",\"publisher\":{\"@id\":\"https:\\\/\\\/club-informatique-laroque.fr\\\/#organization\"},\"potentialAction\":[{\"@type\":\"SearchAction\",\"target\":{\"@type\":\"EntryPoint\",\"urlTemplate\":\"https:\\\/\\\/club-informatique-laroque.fr\\\/?s={search_term_string}\"},\"query-input\":{\"@type\":\"PropertyValueSpecification\",\"valueRequired\":true,\"valueName\":\"search_term_string\"}}],\"inLanguage\":\"fr-FR\"},{\"@type\":\"Organization\",\"@id\":\"https:\\\/\\\/club-informatique-laroque.fr\\\/#organization\",\"name\":\"Club informatique Laroque des Alb\u00e8res\",\"url\":\"https:\\\/\\\/club-informatique-laroque.fr\\\/\",\"logo\":{\"@type\":\"ImageObject\",\"inLanguage\":\"fr-FR\",\"@id\":\"https:\\\/\\\/club-informatique-laroque.fr\\\/#\\\/schema\\\/logo\\\/image\\\/\",\"url\":\"https:\\\/\\\/club-informatique-laroque.fr\\\/wp-content\\\/uploads\\\/2023\\\/12\\\/xq7mc46h.jpg\",\"contentUrl\":\"https:\\\/\\\/club-informatique-laroque.fr\\\/wp-content\\\/uploads\\\/2023\\\/12\\\/xq7mc46h.jpg\",\"width\":98,\"height\":80,\"caption\":\"Club informatique Laroque des Alb\u00e8res\"},\"image\":{\"@id\":\"https:\\\/\\\/club-informatique-laroque.fr\\\/#\\\/schema\\\/logo\\\/image\\\/\"}}]}<\/script>\n<!-- \/ Yoast SEO plugin. -->","yoast_head_json":{"title":"Pourquoi pas ? - Club informatique Laroque des Alb\u00e8res","robots":{"index":"index","follow":"follow","max-snippet":"max-snippet:-1","max-image-preview":"max-image-preview:large","max-video-preview":"max-video-preview:-1"},"canonical":"https:\/\/club-informatique-laroque.fr\/index.php\/pourquoi-pas\/","og_locale":"fr_FR","og_type":"article","og_title":"Pourquoi pas ? - Club informatique Laroque des Alb\u00e8res","og_description":"Vous avez un ordinateur et vous \u00eates conscients que vous pouvez lui en demander plus mais vous ne savez pas comment. Vous n&rsquo;avez pas d&rsquo;ordinateur mais vous aimeriez bien en acheter un, mais vous ne savez pas lequel.Vous vous demandez si vous arriveriez \u00e0 l&rsquo;utiliser comme il faut.Vous avez d\u00e9j\u00e0 une bonne culture informatique et...","og_url":"https:\/\/club-informatique-laroque.fr\/index.php\/pourquoi-pas\/","og_site_name":"Club informatique Laroque des Alb\u00e8res","article_modified_time":"2026-02-06T12:56:50+00:00","twitter_card":"summary_large_image","twitter_misc":{"Dur\u00e9e de lecture estim\u00e9e":"2 minutes"},"schema":{"@context":"https:\/\/schema.org","@graph":[{"@type":"WebPage","@id":"https:\/\/club-informatique-laroque.fr\/index.php\/pourquoi-pas\/","url":"https:\/\/club-informatique-laroque.fr\/index.php\/pourquoi-pas\/","name":"Pourquoi pas ? - Club informatique Laroque des Alb\u00e8res","isPartOf":{"@id":"https:\/\/club-informatique-laroque.fr\/#website"},"datePublished":"2023-12-26T13:39:39+00:00","dateModified":"2026-02-06T12:56:50+00:00","breadcrumb":{"@id":"https:\/\/club-informatique-laroque.fr\/index.php\/pourquoi-pas\/#breadcrumb"},"inLanguage":"fr-FR","potentialAction":[{"@type":"ReadAction","target":["https:\/\/club-informatique-laroque.fr\/index.php\/pourquoi-pas\/"]}]},{"@type":"BreadcrumbList","@id":"https:\/\/club-informatique-laroque.fr\/index.php\/pourquoi-pas\/#breadcrumb","itemListElement":[{"@type":"ListItem","position":1,"name":"Accueil","item":"https:\/\/club-informatique-laroque.fr\/"},{"@type":"ListItem","position":2,"name":"Pourquoi pas ?"}]},{"@type":"WebSite","@id":"https:\/\/club-informatique-laroque.fr\/#website","url":"https:\/\/club-informatique-laroque.fr\/","name":"Club informatique Laroque des Alb\u00e8res","description":"","publisher":{"@id":"https:\/\/club-informatique-laroque.fr\/#organization"},"potentialAction":[{"@type":"SearchAction","target":{"@type":"EntryPoint","urlTemplate":"https:\/\/club-informatique-laroque.fr\/?s={search_term_string}"},"query-input":{"@type":"PropertyValueSpecification","valueRequired":true,"valueName":"search_term_string"}}],"inLanguage":"fr-FR"},{"@type":"Organization","@id":"https:\/\/club-informatique-laroque.fr\/#organization","name":"Club informatique Laroque des Alb\u00e8res","url":"https:\/\/club-informatique-laroque.fr\/","logo":{"@type":"ImageObject","inLanguage":"fr-FR","@id":"https:\/\/club-informatique-laroque.fr\/#\/schema\/logo\/image\/","url":"https:\/\/club-informatique-laroque.fr\/wp-content\/uploads\/2023\/12\/xq7mc46h.jpg","contentUrl":"https:\/\/club-informatique-laroque.fr\/wp-content\/uploads\/2023\/12\/xq7mc46h.jpg","width":98,"height":80,"caption":"Club informatique Laroque des Alb\u00e8res"},"image":{"@id":"https:\/\/club-informatique-laroque.fr\/#\/schema\/logo\/image\/"}}]}},"_links":{"self":[{"href":"https:\/\/club-informatique-laroque.fr\/index.php\/wp-json\/wp\/v2\/pages\/58","targetHints":{"allow":["GET"]}}],"collection":[{"href":"https:\/\/club-informatique-laroque.fr\/index.php\/wp-json\/wp\/v2\/pages"}],"about":[{"href":"https:\/\/club-informatique-laroque.fr\/index.php\/wp-json\/wp\/v2\/types\/page"}],"author":[{"embeddable":true,"href":"https:\/\/club-informatique-laroque.fr\/index.php\/wp-json\/wp\/v2\/users\/1"}],"replies":[{"embeddable":true,"href":"https:\/\/club-informatique-laroque.fr\/index.php\/wp-json\/wp\/v2\/comments?post=58"}],"version-history":[{"count":23,"href":"https:\/\/club-informatique-laroque.fr\/index.php\/wp-json\/wp\/v2\/pages\/58\/revisions"}],"predecessor-version":[{"id":616,"href":"https:\/\/club-informatique-laroque.fr\/index.php\/wp-json\/wp\/v2\/pages\/58\/revisions\/616"}],"wp:attachment":[{"href":"https:\/\/club-informatique-laroque.fr\/index.php\/wp-json\/wp\/v2\/media?parent=58"}],"curies":[{"name":"wp","href":"https:\/\/api.w.org\/{rel}","templated":true}]}}