{"id":575,"date":"2025-09-15T11:30:36","date_gmt":"2025-09-15T09:30:36","guid":{"rendered":"https:\/\/club-informatique-laroque.fr\/?page_id=575"},"modified":"2026-03-13T13:26:25","modified_gmt":"2026-03-13T12:26:25","slug":"ou-sommes-nous","status":"publish","type":"page","link":"https:\/\/club-informatique-laroque.fr\/index.php\/ou-sommes-nous\/","title":{"rendered":"O\u00f9 sommes-nous ?"},"content":{"rendered":"\n<p>\u2728 <strong>O\u00f9 se situe le Club Informatique de Laroque-des-Alb\u00e8res ?<\/strong><br>\ud83c\udfa5 Pour le d\u00e9couvrir, rien de plus simple :<br>\u27a1\ufe0f <strong>Regardez cette petite vid\u00e9o !<\/strong><\/p>\n\n\n\n<figure class=\"wp-block-video\"><video height=\"720\" style=\"aspect-ratio: 1280 \/ 720;\" width=\"1280\" controls src=\"https:\/\/club-informatique-laroque.fr\/wp-content\/uploads\/2026\/03\/Video-Project-2-720p.mp4\"><\/video><\/figure>\n\n\n\n<p><\/p>\n","protected":false},"excerpt":{"rendered":"<p>\u2728 O\u00f9 se situe le Club Informatique de Laroque-des-Alb\u00e8res ?\ud83c\udfa5 Pour le d\u00e9couvrir, rien de plus simple :\u27a1\ufe0f Regardez cette petite vid\u00e9o !<\/p>\n","protected":false},"author":1,"featured_media":0,"parent":0,"menu_order":0,"comment_status":"closed","ping_status":"closed","template":"","meta":{"_kadence_starter_templates_imported_post":false,"_kad_post_transparent":"","_kad_post_title":"","_kad_post_layout":"","_kad_post_sidebar_id":"","_kad_post_content_style":"","_kad_post_vertical_padding":"","_kad_post_feature":"","_kad_post_feature_position":"","_kad_post_header":false,"_kad_post_footer":false,"footnotes":""},"class_list":["post-575","page","type-page","status-publish","hentry"],"yoast_head":"<!-- This site is optimized with the Yoast SEO plugin v27.5 - https:\/\/yoast.com\/product\/yoast-seo-wordpress\/ -->\n<title>O\u00f9 sommes-nous ? - Club informatique Laroque des Alb\u00e8res<\/title>\n<meta name=\"robots\" content=\"index, follow, max-snippet:-1, max-image-preview:large, max-video-preview:-1\" \/>\n<link rel=\"canonical\" href=\"https:\/\/club-informatique-laroque.fr\/index.php\/ou-sommes-nous\/\" \/>\n<meta property=\"og:locale\" content=\"fr_FR\" \/>\n<meta property=\"og:type\" content=\"article\" \/>\n<meta property=\"og:title\" content=\"O\u00f9 sommes-nous ? - Club informatique Laroque des Alb\u00e8res\" \/>\n<meta property=\"og:description\" content=\"\u2728 O\u00f9 se situe le Club Informatique de Laroque-des-Alb\u00e8res ?\ud83c\udfa5 Pour le d\u00e9couvrir, rien de plus simple :\u27a1\ufe0f Regardez cette petite vid\u00e9o !\" \/>\n<meta property=\"og:url\" content=\"https:\/\/club-informatique-laroque.fr\/index.php\/ou-sommes-nous\/\" \/>\n<meta property=\"og:site_name\" content=\"Club informatique Laroque des Alb\u00e8res\" \/>\n<meta property=\"article:modified_time\" content=\"2026-03-13T12:26:25+00:00\" \/>\n<meta name=\"twitter:card\" content=\"summary_large_image\" \/>\n<meta name=\"twitter:label1\" content=\"Dur\u00e9e de lecture estim\u00e9e\" \/>\n\t<meta name=\"twitter:data1\" content=\"1 minute\" \/>\n<script type=\"application\/ld+json\" class=\"yoast-schema-graph\">{\"@context\":\"https:\\\/\\\/schema.org\",\"@graph\":[{\"@type\":\"WebPage\",\"@id\":\"https:\\\/\\\/club-informatique-laroque.fr\\\/index.php\\\/ou-sommes-nous\\\/\",\"url\":\"https:\\\/\\\/club-informatique-laroque.fr\\\/index.php\\\/ou-sommes-nous\\\/\",\"name\":\"O\u00f9 sommes-nous ? - Club informatique Laroque des Alb\u00e8res\",\"isPartOf\":{\"@id\":\"https:\\\/\\\/club-informatique-laroque.fr\\\/#website\"},\"datePublished\":\"2025-09-15T09:30:36+00:00\",\"dateModified\":\"2026-03-13T12:26:25+00:00\",\"breadcrumb\":{\"@id\":\"https:\\\/\\\/club-informatique-laroque.fr\\\/index.php\\\/ou-sommes-nous\\\/#breadcrumb\"},\"inLanguage\":\"fr-FR\",\"potentialAction\":[{\"@type\":\"ReadAction\",\"target\":[\"https:\\\/\\\/club-informatique-laroque.fr\\\/index.php\\\/ou-sommes-nous\\\/\"]}]},{\"@type\":\"BreadcrumbList\",\"@id\":\"https:\\\/\\\/club-informatique-laroque.fr\\\/index.php\\\/ou-sommes-nous\\\/#breadcrumb\",\"itemListElement\":[{\"@type\":\"ListItem\",\"position\":1,\"name\":\"Accueil\",\"item\":\"https:\\\/\\\/club-informatique-laroque.fr\\\/\"},{\"@type\":\"ListItem\",\"position\":2,\"name\":\"O\u00f9 sommes-nous ?\"}]},{\"@type\":\"WebSite\",\"@id\":\"https:\\\/\\\/club-informatique-laroque.fr\\\/#website\",\"url\":\"https:\\\/\\\/club-informatique-laroque.fr\\\/\",\"name\":\"Club informatique Laroque des Alb\u00e8res\",\"description\":\"\",\"publisher\":{\"@id\":\"https:\\\/\\\/club-informatique-laroque.fr\\\/#organization\"},\"potentialAction\":[{\"@type\":\"SearchAction\",\"target\":{\"@type\":\"EntryPoint\",\"urlTemplate\":\"https:\\\/\\\/club-informatique-laroque.fr\\\/?s={search_term_string}\"},\"query-input\":{\"@type\":\"PropertyValueSpecification\",\"valueRequired\":true,\"valueName\":\"search_term_string\"}}],\"inLanguage\":\"fr-FR\"},{\"@type\":\"Organization\",\"@id\":\"https:\\\/\\\/club-informatique-laroque.fr\\\/#organization\",\"name\":\"Club informatique Laroque des Alb\u00e8res\",\"url\":\"https:\\\/\\\/club-informatique-laroque.fr\\\/\",\"logo\":{\"@type\":\"ImageObject\",\"inLanguage\":\"fr-FR\",\"@id\":\"https:\\\/\\\/club-informatique-laroque.fr\\\/#\\\/schema\\\/logo\\\/image\\\/\",\"url\":\"https:\\\/\\\/club-informatique-laroque.fr\\\/wp-content\\\/uploads\\\/2023\\\/12\\\/xq7mc46h.jpg\",\"contentUrl\":\"https:\\\/\\\/club-informatique-laroque.fr\\\/wp-content\\\/uploads\\\/2023\\\/12\\\/xq7mc46h.jpg\",\"width\":98,\"height\":80,\"caption\":\"Club informatique Laroque des Alb\u00e8res\"},\"image\":{\"@id\":\"https:\\\/\\\/club-informatique-laroque.fr\\\/#\\\/schema\\\/logo\\\/image\\\/\"}}]}<\/script>\n<!-- \/ Yoast SEO plugin. -->","yoast_head_json":{"title":"O\u00f9 sommes-nous ? - Club informatique Laroque des Alb\u00e8res","robots":{"index":"index","follow":"follow","max-snippet":"max-snippet:-1","max-image-preview":"max-image-preview:large","max-video-preview":"max-video-preview:-1"},"canonical":"https:\/\/club-informatique-laroque.fr\/index.php\/ou-sommes-nous\/","og_locale":"fr_FR","og_type":"article","og_title":"O\u00f9 sommes-nous ? - Club informatique Laroque des Alb\u00e8res","og_description":"\u2728 O\u00f9 se situe le Club Informatique de Laroque-des-Alb\u00e8res ?\ud83c\udfa5 Pour le d\u00e9couvrir, rien de plus simple :\u27a1\ufe0f Regardez cette petite vid\u00e9o !","og_url":"https:\/\/club-informatique-laroque.fr\/index.php\/ou-sommes-nous\/","og_site_name":"Club informatique Laroque des Alb\u00e8res","article_modified_time":"2026-03-13T12:26:25+00:00","twitter_card":"summary_large_image","twitter_misc":{"Dur\u00e9e de lecture estim\u00e9e":"1 minute"},"schema":{"@context":"https:\/\/schema.org","@graph":[{"@type":"WebPage","@id":"https:\/\/club-informatique-laroque.fr\/index.php\/ou-sommes-nous\/","url":"https:\/\/club-informatique-laroque.fr\/index.php\/ou-sommes-nous\/","name":"O\u00f9 sommes-nous ? - Club informatique Laroque des Alb\u00e8res","isPartOf":{"@id":"https:\/\/club-informatique-laroque.fr\/#website"},"datePublished":"2025-09-15T09:30:36+00:00","dateModified":"2026-03-13T12:26:25+00:00","breadcrumb":{"@id":"https:\/\/club-informatique-laroque.fr\/index.php\/ou-sommes-nous\/#breadcrumb"},"inLanguage":"fr-FR","potentialAction":[{"@type":"ReadAction","target":["https:\/\/club-informatique-laroque.fr\/index.php\/ou-sommes-nous\/"]}]},{"@type":"BreadcrumbList","@id":"https:\/\/club-informatique-laroque.fr\/index.php\/ou-sommes-nous\/#breadcrumb","itemListElement":[{"@type":"ListItem","position":1,"name":"Accueil","item":"https:\/\/club-informatique-laroque.fr\/"},{"@type":"ListItem","position":2,"name":"O\u00f9 sommes-nous ?"}]},{"@type":"WebSite","@id":"https:\/\/club-informatique-laroque.fr\/#website","url":"https:\/\/club-informatique-laroque.fr\/","name":"Club informatique Laroque des Alb\u00e8res","description":"","publisher":{"@id":"https:\/\/club-informatique-laroque.fr\/#organization"},"potentialAction":[{"@type":"SearchAction","target":{"@type":"EntryPoint","urlTemplate":"https:\/\/club-informatique-laroque.fr\/?s={search_term_string}"},"query-input":{"@type":"PropertyValueSpecification","valueRequired":true,"valueName":"search_term_string"}}],"inLanguage":"fr-FR"},{"@type":"Organization","@id":"https:\/\/club-informatique-laroque.fr\/#organization","name":"Club informatique Laroque des Alb\u00e8res","url":"https:\/\/club-informatique-laroque.fr\/","logo":{"@type":"ImageObject","inLanguage":"fr-FR","@id":"https:\/\/club-informatique-laroque.fr\/#\/schema\/logo\/image\/","url":"https:\/\/club-informatique-laroque.fr\/wp-content\/uploads\/2023\/12\/xq7mc46h.jpg","contentUrl":"https:\/\/club-informatique-laroque.fr\/wp-content\/uploads\/2023\/12\/xq7mc46h.jpg","width":98,"height":80,"caption":"Club informatique Laroque des Alb\u00e8res"},"image":{"@id":"https:\/\/club-informatique-laroque.fr\/#\/schema\/logo\/image\/"}}]}},"_links":{"self":[{"href":"https:\/\/club-informatique-laroque.fr\/index.php\/wp-json\/wp\/v2\/pages\/575","targetHints":{"allow":["GET"]}}],"collection":[{"href":"https:\/\/club-informatique-laroque.fr\/index.php\/wp-json\/wp\/v2\/pages"}],"about":[{"href":"https:\/\/club-informatique-laroque.fr\/index.php\/wp-json\/wp\/v2\/types\/page"}],"author":[{"embeddable":true,"href":"https:\/\/club-informatique-laroque.fr\/index.php\/wp-json\/wp\/v2\/users\/1"}],"replies":[{"embeddable":true,"href":"https:\/\/club-informatique-laroque.fr\/index.php\/wp-json\/wp\/v2\/comments?post=575"}],"version-history":[{"count":6,"href":"https:\/\/club-informatique-laroque.fr\/index.php\/wp-json\/wp\/v2\/pages\/575\/revisions"}],"predecessor-version":[{"id":621,"href":"https:\/\/club-informatique-laroque.fr\/index.php\/wp-json\/wp\/v2\/pages\/575\/revisions\/621"}],"wp:attachment":[{"href":"https:\/\/club-informatique-laroque.fr\/index.php\/wp-json\/wp\/v2\/media?parent=575"}],"curies":[{"name":"wp","href":"https:\/\/api.w.org\/{rel}","templated":true}]}}