{"id":550,"date":"2025-09-11T15:42:23","date_gmt":"2025-09-11T13:42:23","guid":{"rendered":"https:\/\/club-informatique-laroque.fr\/?page_id=550"},"modified":"2025-09-11T16:05:09","modified_gmt":"2025-09-11T14:05:09","slug":"office","status":"publish","type":"page","link":"https:\/\/club-informatique-laroque.fr\/index.php\/office\/","title":{"rendered":"LibreOffice"},"content":{"rendered":"\n<figure class=\"wp-block-image size-full\"><img decoding=\"async\" width=\"133\" height=\"176\" src=\"https:\/\/club-informatique-laroque.fr\/wp-content\/uploads\/2025\/09\/Francisco-2.jpg\" alt=\"\" class=\"wp-image-523\"\/><\/figure>\n\n\n\n<p><strong>Fransisco Rojo<\/strong><\/p>\n\n\n\n<p><strong>Le jeudi de 16h00 \u00e0 17h30<\/strong><\/p>\n\n\n\n<p>\u2728 <strong>LibreOffice<\/strong> est une suite bureautique gratuite et open source (libre de droits).<br>\ud83c\udd9a C\u2019est une alternative \u00e0 <strong>Microsoft Office<\/strong> et elle permet de cr\u00e9er, modifier et lire la plupart des fichiers bureautiques (\ud83d\udcc4 Word, \ud83d\udcca Excel, \ud83d\udcfd\ufe0f PowerPoint, etc.).<\/p>\n\n\n\n<p>\ud83d\udccc <strong>Points importants :<\/strong><br>\u2705 Enti\u00e8rement <strong>gratuit<\/strong>, sans abonnement \ud83d\udcb8<br>\ud83d\udcc2 Permet d\u2019ouvrir et d\u2019enregistrer dans de nombreux formats, y compris les fichiers <strong>.docx, .xlsx, .pptx<\/strong> \ud83d\udd04<br>\ud83d\udcbb <strong>L\u00e9ger<\/strong> : fonctionne m\u00eame sur des ordinateurs plus anciens ou peu puissants \u26a1<\/p>\n\n\n\n<p>\ud83c\udfaf <strong>LibreOffice<\/strong> est id\u00e9al si vous voulez une suite bureautique <strong>gratuite, simple et efficace<\/strong> \ud83c\udf1f<\/p>\n\n\n\n<p><em>Je vous propose de d\u00e9couvrir la suite LibreOffice, <strong>tableur, traitement de texte et logiciel de pr\u00e9sentation.<\/strong><\/em><br><em>Ces s\u00e9ances ne s\u2019adressent pas \u00e0 des d\u00e9butants, ma\u00eetrise minimum du clavier et de la souris, elles pourront s\u2019adapter au niveau des participants avec toujours une approche concr\u00e8te pour r\u00e9pondre aux besoins exprim\u00e9s. Les exercices permettront la r\u00e9alisation de petites applications comme un\u00a0planning, un budget annuel, le suivi d\u2019un compte bancaire, un diaporama etc&#8230;<\/em><\/p>\n\n\n\n<p><\/p>\n","protected":false},"excerpt":{"rendered":"<p>Fransisco Rojo Le jeudi de 16h00 \u00e0 17h30 \u2728 LibreOffice est une suite bureautique gratuite et open source (libre de droits).\ud83c\udd9a C\u2019est une alternative \u00e0 Microsoft Office et elle permet de cr\u00e9er, modifier et lire la plupart des fichiers bureautiques (\ud83d\udcc4 Word, \ud83d\udcca Excel, \ud83d\udcfd\ufe0f PowerPoint, etc.). \ud83d\udccc Points importants :\u2705 Enti\u00e8rement gratuit, sans abonnement&#8230;<\/p>\n","protected":false},"author":1,"featured_media":0,"parent":0,"menu_order":0,"comment_status":"closed","ping_status":"closed","template":"","meta":{"_kadence_starter_templates_imported_post":false,"_kad_post_transparent":"","_kad_post_title":"","_kad_post_layout":"","_kad_post_sidebar_id":"","_kad_post_content_style":"","_kad_post_vertical_padding":"","_kad_post_feature":"","_kad_post_feature_position":"","_kad_post_header":false,"_kad_post_footer":false,"footnotes":""},"class_list":["post-550","page","type-page","status-publish","hentry"],"yoast_head":"<!-- This site is optimized with the Yoast SEO plugin v27.5 - https:\/\/yoast.com\/product\/yoast-seo-wordpress\/ -->\n<title>LibreOffice - Club informatique Laroque des Alb\u00e8res<\/title>\n<meta name=\"robots\" content=\"index, follow, max-snippet:-1, max-image-preview:large, max-video-preview:-1\" \/>\n<link rel=\"canonical\" href=\"https:\/\/club-informatique-laroque.fr\/index.php\/office\/\" \/>\n<meta property=\"og:locale\" content=\"fr_FR\" \/>\n<meta property=\"og:type\" content=\"article\" \/>\n<meta property=\"og:title\" content=\"LibreOffice - Club informatique Laroque des Alb\u00e8res\" \/>\n<meta property=\"og:description\" content=\"Fransisco Rojo Le jeudi de 16h00 \u00e0 17h30 \u2728 LibreOffice est une suite bureautique gratuite et open source (libre de droits).\ud83c\udd9a C\u2019est une alternative \u00e0 Microsoft Office et elle permet de cr\u00e9er, modifier et lire la plupart des fichiers bureautiques (\ud83d\udcc4 Word, \ud83d\udcca Excel, \ud83d\udcfd\ufe0f PowerPoint, etc.). \ud83d\udccc Points importants :\u2705 Enti\u00e8rement gratuit, sans abonnement...\" \/>\n<meta property=\"og:url\" content=\"https:\/\/club-informatique-laroque.fr\/index.php\/office\/\" \/>\n<meta property=\"og:site_name\" content=\"Club informatique Laroque des Alb\u00e8res\" \/>\n<meta property=\"article:modified_time\" content=\"2025-09-11T14:05:09+00:00\" \/>\n<meta property=\"og:image\" content=\"https:\/\/club-informatique-laroque.fr\/wp-content\/uploads\/2025\/09\/Francisco-2.jpg\" \/>\n\t<meta property=\"og:image:width\" content=\"133\" \/>\n\t<meta property=\"og:image:height\" content=\"176\" \/>\n\t<meta property=\"og:image:type\" content=\"image\/jpeg\" \/>\n<meta name=\"twitter:card\" content=\"summary_large_image\" \/>\n<meta name=\"twitter:label1\" content=\"Dur\u00e9e de lecture estim\u00e9e\" \/>\n\t<meta name=\"twitter:data1\" content=\"2 minutes\" \/>\n<script type=\"application\/ld+json\" class=\"yoast-schema-graph\">{\"@context\":\"https:\\\/\\\/schema.org\",\"@graph\":[{\"@type\":\"WebPage\",\"@id\":\"https:\\\/\\\/club-informatique-laroque.fr\\\/index.php\\\/office\\\/\",\"url\":\"https:\\\/\\\/club-informatique-laroque.fr\\\/index.php\\\/office\\\/\",\"name\":\"LibreOffice - Club informatique Laroque des Alb\u00e8res\",\"isPartOf\":{\"@id\":\"https:\\\/\\\/club-informatique-laroque.fr\\\/#website\"},\"primaryImageOfPage\":{\"@id\":\"https:\\\/\\\/club-informatique-laroque.fr\\\/index.php\\\/office\\\/#primaryimage\"},\"image\":{\"@id\":\"https:\\\/\\\/club-informatique-laroque.fr\\\/index.php\\\/office\\\/#primaryimage\"},\"thumbnailUrl\":\"https:\\\/\\\/club-informatique-laroque.fr\\\/wp-content\\\/uploads\\\/2025\\\/09\\\/Francisco-2.jpg\",\"datePublished\":\"2025-09-11T13:42:23+00:00\",\"dateModified\":\"2025-09-11T14:05:09+00:00\",\"breadcrumb\":{\"@id\":\"https:\\\/\\\/club-informatique-laroque.fr\\\/index.php\\\/office\\\/#breadcrumb\"},\"inLanguage\":\"fr-FR\",\"potentialAction\":[{\"@type\":\"ReadAction\",\"target\":[\"https:\\\/\\\/club-informatique-laroque.fr\\\/index.php\\\/office\\\/\"]}]},{\"@type\":\"ImageObject\",\"inLanguage\":\"fr-FR\",\"@id\":\"https:\\\/\\\/club-informatique-laroque.fr\\\/index.php\\\/office\\\/#primaryimage\",\"url\":\"https:\\\/\\\/club-informatique-laroque.fr\\\/wp-content\\\/uploads\\\/2025\\\/09\\\/Francisco-2.jpg\",\"contentUrl\":\"https:\\\/\\\/club-informatique-laroque.fr\\\/wp-content\\\/uploads\\\/2025\\\/09\\\/Francisco-2.jpg\",\"width\":133,\"height\":176},{\"@type\":\"BreadcrumbList\",\"@id\":\"https:\\\/\\\/club-informatique-laroque.fr\\\/index.php\\\/office\\\/#breadcrumb\",\"itemListElement\":[{\"@type\":\"ListItem\",\"position\":1,\"name\":\"Accueil\",\"item\":\"https:\\\/\\\/club-informatique-laroque.fr\\\/\"},{\"@type\":\"ListItem\",\"position\":2,\"name\":\"LibreOffice\"}]},{\"@type\":\"WebSite\",\"@id\":\"https:\\\/\\\/club-informatique-laroque.fr\\\/#website\",\"url\":\"https:\\\/\\\/club-informatique-laroque.fr\\\/\",\"name\":\"Club informatique Laroque des Alb\u00e8res\",\"description\":\"\",\"publisher\":{\"@id\":\"https:\\\/\\\/club-informatique-laroque.fr\\\/#organization\"},\"potentialAction\":[{\"@type\":\"SearchAction\",\"target\":{\"@type\":\"EntryPoint\",\"urlTemplate\":\"https:\\\/\\\/club-informatique-laroque.fr\\\/?s={search_term_string}\"},\"query-input\":{\"@type\":\"PropertyValueSpecification\",\"valueRequired\":true,\"valueName\":\"search_term_string\"}}],\"inLanguage\":\"fr-FR\"},{\"@type\":\"Organization\",\"@id\":\"https:\\\/\\\/club-informatique-laroque.fr\\\/#organization\",\"name\":\"Club informatique Laroque des Alb\u00e8res\",\"url\":\"https:\\\/\\\/club-informatique-laroque.fr\\\/\",\"logo\":{\"@type\":\"ImageObject\",\"inLanguage\":\"fr-FR\",\"@id\":\"https:\\\/\\\/club-informatique-laroque.fr\\\/#\\\/schema\\\/logo\\\/image\\\/\",\"url\":\"https:\\\/\\\/club-informatique-laroque.fr\\\/wp-content\\\/uploads\\\/2023\\\/12\\\/xq7mc46h.jpg\",\"contentUrl\":\"https:\\\/\\\/club-informatique-laroque.fr\\\/wp-content\\\/uploads\\\/2023\\\/12\\\/xq7mc46h.jpg\",\"width\":98,\"height\":80,\"caption\":\"Club informatique Laroque des Alb\u00e8res\"},\"image\":{\"@id\":\"https:\\\/\\\/club-informatique-laroque.fr\\\/#\\\/schema\\\/logo\\\/image\\\/\"}}]}<\/script>\n<!-- \/ Yoast SEO plugin. -->","yoast_head_json":{"title":"LibreOffice - Club informatique Laroque des Alb\u00e8res","robots":{"index":"index","follow":"follow","max-snippet":"max-snippet:-1","max-image-preview":"max-image-preview:large","max-video-preview":"max-video-preview:-1"},"canonical":"https:\/\/club-informatique-laroque.fr\/index.php\/office\/","og_locale":"fr_FR","og_type":"article","og_title":"LibreOffice - Club informatique Laroque des Alb\u00e8res","og_description":"Fransisco Rojo Le jeudi de 16h00 \u00e0 17h30 \u2728 LibreOffice est une suite bureautique gratuite et open source (libre de droits).\ud83c\udd9a C\u2019est une alternative \u00e0 Microsoft Office et elle permet de cr\u00e9er, modifier et lire la plupart des fichiers bureautiques (\ud83d\udcc4 Word, \ud83d\udcca Excel, \ud83d\udcfd\ufe0f PowerPoint, etc.). \ud83d\udccc Points importants :\u2705 Enti\u00e8rement gratuit, sans abonnement...","og_url":"https:\/\/club-informatique-laroque.fr\/index.php\/office\/","og_site_name":"Club informatique Laroque des Alb\u00e8res","article_modified_time":"2025-09-11T14:05:09+00:00","og_image":[{"width":133,"height":176,"url":"https:\/\/club-informatique-laroque.fr\/wp-content\/uploads\/2025\/09\/Francisco-2.jpg","type":"image\/jpeg"}],"twitter_card":"summary_large_image","twitter_misc":{"Dur\u00e9e de lecture estim\u00e9e":"2 minutes"},"schema":{"@context":"https:\/\/schema.org","@graph":[{"@type":"WebPage","@id":"https:\/\/club-informatique-laroque.fr\/index.php\/office\/","url":"https:\/\/club-informatique-laroque.fr\/index.php\/office\/","name":"LibreOffice - Club informatique Laroque des Alb\u00e8res","isPartOf":{"@id":"https:\/\/club-informatique-laroque.fr\/#website"},"primaryImageOfPage":{"@id":"https:\/\/club-informatique-laroque.fr\/index.php\/office\/#primaryimage"},"image":{"@id":"https:\/\/club-informatique-laroque.fr\/index.php\/office\/#primaryimage"},"thumbnailUrl":"https:\/\/club-informatique-laroque.fr\/wp-content\/uploads\/2025\/09\/Francisco-2.jpg","datePublished":"2025-09-11T13:42:23+00:00","dateModified":"2025-09-11T14:05:09+00:00","breadcrumb":{"@id":"https:\/\/club-informatique-laroque.fr\/index.php\/office\/#breadcrumb"},"inLanguage":"fr-FR","potentialAction":[{"@type":"ReadAction","target":["https:\/\/club-informatique-laroque.fr\/index.php\/office\/"]}]},{"@type":"ImageObject","inLanguage":"fr-FR","@id":"https:\/\/club-informatique-laroque.fr\/index.php\/office\/#primaryimage","url":"https:\/\/club-informatique-laroque.fr\/wp-content\/uploads\/2025\/09\/Francisco-2.jpg","contentUrl":"https:\/\/club-informatique-laroque.fr\/wp-content\/uploads\/2025\/09\/Francisco-2.jpg","width":133,"height":176},{"@type":"BreadcrumbList","@id":"https:\/\/club-informatique-laroque.fr\/index.php\/office\/#breadcrumb","itemListElement":[{"@type":"ListItem","position":1,"name":"Accueil","item":"https:\/\/club-informatique-laroque.fr\/"},{"@type":"ListItem","position":2,"name":"LibreOffice"}]},{"@type":"WebSite","@id":"https:\/\/club-informatique-laroque.fr\/#website","url":"https:\/\/club-informatique-laroque.fr\/","name":"Club informatique Laroque des Alb\u00e8res","description":"","publisher":{"@id":"https:\/\/club-informatique-laroque.fr\/#organization"},"potentialAction":[{"@type":"SearchAction","target":{"@type":"EntryPoint","urlTemplate":"https:\/\/club-informatique-laroque.fr\/?s={search_term_string}"},"query-input":{"@type":"PropertyValueSpecification","valueRequired":true,"valueName":"search_term_string"}}],"inLanguage":"fr-FR"},{"@type":"Organization","@id":"https:\/\/club-informatique-laroque.fr\/#organization","name":"Club informatique Laroque des Alb\u00e8res","url":"https:\/\/club-informatique-laroque.fr\/","logo":{"@type":"ImageObject","inLanguage":"fr-FR","@id":"https:\/\/club-informatique-laroque.fr\/#\/schema\/logo\/image\/","url":"https:\/\/club-informatique-laroque.fr\/wp-content\/uploads\/2023\/12\/xq7mc46h.jpg","contentUrl":"https:\/\/club-informatique-laroque.fr\/wp-content\/uploads\/2023\/12\/xq7mc46h.jpg","width":98,"height":80,"caption":"Club informatique Laroque des Alb\u00e8res"},"image":{"@id":"https:\/\/club-informatique-laroque.fr\/#\/schema\/logo\/image\/"}}]}},"_links":{"self":[{"href":"https:\/\/club-informatique-laroque.fr\/index.php\/wp-json\/wp\/v2\/pages\/550","targetHints":{"allow":["GET"]}}],"collection":[{"href":"https:\/\/club-informatique-laroque.fr\/index.php\/wp-json\/wp\/v2\/pages"}],"about":[{"href":"https:\/\/club-informatique-laroque.fr\/index.php\/wp-json\/wp\/v2\/types\/page"}],"author":[{"embeddable":true,"href":"https:\/\/club-informatique-laroque.fr\/index.php\/wp-json\/wp\/v2\/users\/1"}],"replies":[{"embeddable":true,"href":"https:\/\/club-informatique-laroque.fr\/index.php\/wp-json\/wp\/v2\/comments?post=550"}],"version-history":[{"count":5,"href":"https:\/\/club-informatique-laroque.fr\/index.php\/wp-json\/wp\/v2\/pages\/550\/revisions"}],"predecessor-version":[{"id":559,"href":"https:\/\/club-informatique-laroque.fr\/index.php\/wp-json\/wp\/v2\/pages\/550\/revisions\/559"}],"wp:attachment":[{"href":"https:\/\/club-informatique-laroque.fr\/index.php\/wp-json\/wp\/v2\/media?parent=550"}],"curies":[{"name":"wp","href":"https:\/\/api.w.org\/{rel}","templated":true}]}}