{"id":52,"date":"2023-12-26T14:33:28","date_gmt":"2023-12-26T13:33:28","guid":{"rendered":"http:\/\/localhost\/wordpress%20club_2\/?page_id=52"},"modified":"2025-09-11T15:11:11","modified_gmt":"2025-09-11T13:11:11","slug":"adhesion","status":"publish","type":"page","link":"https:\/\/club-informatique-laroque.fr\/index.php\/adhesion\/","title":{"rendered":"Adh\u00e9sion 2025-2026"},"content":{"rendered":"\n<p><strong>Cotisation et R\u00e8gles<\/strong><\/p>\n\n\n\n<div class=\"wp-block-columns is-layout-flex wp-container-core-columns-is-layout-9d6595d7 wp-block-columns-is-layout-flex\">\n<div class=\"wp-block-column is-layout-flow wp-block-column-is-layout-flow\">\n<p><br><strong>Inscription annuelle des adh\u00e9rents :<\/strong><\/p>\n\n\n\n<ul class=\"wp-block-list\">\n<li>90\u20ac par personne, sauf pour la g\u00e9n\u00e9alogie uniquement (ne permet pas d&rsquo;aller aux autres s\u00e9ances) qui est \u00e0 45\u20ac.<\/li>\n\n\n\n<li>45\u20ac suppl\u00e9mentaires pour les membres de la m\u00eame famille.<br><strong>Pas de cotisation trimestrielle ou mensuelle ; pas de remboursement sauf circonstances exceptionnelles et apr\u00e8s validation du CA.<\/strong><br><br><strong>Nouveaux adh\u00e9rents :<\/strong><\/li>\n\n\n\n<li>1 \u00e0 2 s\u00e9ances gratuites sans engagement financier<br><br><strong>Ordinateurs de la salle :<\/strong><\/li>\n\n\n\n<li>Chaque poste est \u00e9quip\u00e9 d\u2019un PC Windows 11 et Microsoft Office Standard<br><br><strong>Organisation des s\u00e9ances :<\/strong><\/li>\n\n\n\n<li>Chaque adh\u00e9rent choisira une s\u00e9ance pr\u00e9f\u00e9rentielle. Pour une s\u00e9ance particuli\u00e8re, un adh\u00e9rent se mettra toujours \u00e0 la m\u00eame place.<br><br><strong>Ordinateur portable :<\/strong><\/li>\n\n\n\n<li>En fonction des places disponibles et apr\u00e8s agr\u00e9ment de l\u2019animateur.<br><br><strong>Respect du r\u00e8glement int\u00e9rieur :<\/strong><\/li>\n\n\n\n<li>Affich\u00e9 dans la salle et disponible sur demande.<br><br><strong>B\u00e9n\u00e9volat :<\/strong><\/li>\n\n\n\n<li>Toute l\u2019\u00e9quipe d\u2019animation est b\u00e9n\u00e9vole.<\/li>\n<\/ul>\n\n\n\n<p>Pour r\u00e9gler votre cotisation, vous pourrez payer directement sur le site <strong><a href=\"https:\/\/www.helloasso.com\/associations\/club-informatique-rocatin\/adhesions\/adhesion-cir-2025-2026\" target=\"_blank\" rel=\"noreferrer noopener\">helloasso.com<\/a><\/strong> ou en cliquant sur ce QRcode.<\/p>\n\n\n<div class=\"wp-block-image\">\n<figure class=\"aligncenter size-full is-resized\"><img fetchpriority=\"high\" decoding=\"async\" width=\"600\" height=\"600\" src=\"https:\/\/club-informatique-laroque.fr\/wp-content\/uploads\/2025\/09\/image-3.png\" alt=\"\" class=\"wp-image-544\" style=\"width:113px;height:auto\" srcset=\"https:\/\/club-informatique-laroque.fr\/wp-content\/uploads\/2025\/09\/image-3.png 600w, https:\/\/club-informatique-laroque.fr\/wp-content\/uploads\/2025\/09\/image-3-300x300.png 300w, https:\/\/club-informatique-laroque.fr\/wp-content\/uploads\/2025\/09\/image-3-150x150.png 150w\" sizes=\"(max-width: 600px) 100vw, 600px\" \/><\/figure>\n<\/div>\n\n\n<p>Vous pouvez aussi payer par ch\u00e8que ou esp\u00e8ces au club.<\/p>\n<\/div>\n<\/div>\n\n\n\n<p>Merci de remplir votre <a href=\"https:\/\/club-informatique-laroque.fr\/index.php\/bulletin-dinscription\/\" target=\"_blank\" rel=\"noreferrer noopener\"><strong>bulletin d&rsquo;inscription<\/strong><\/a><\/p>\n\n\n\n<p><\/p>\n","protected":false},"excerpt":{"rendered":"<p>Cotisation et R\u00e8gles Inscription annuelle des adh\u00e9rents : Pour r\u00e9gler votre cotisation, vous pourrez payer directement sur le site helloasso.com ou en cliquant sur ce QRcode. Vous pouvez aussi payer par ch\u00e8que ou esp\u00e8ces au club. Merci de remplir votre bulletin d&rsquo;inscription<\/p>\n","protected":false},"author":1,"featured_media":0,"parent":0,"menu_order":0,"comment_status":"closed","ping_status":"closed","template":"","meta":{"_kadence_starter_templates_imported_post":false,"_kad_post_transparent":"","_kad_post_title":"","_kad_post_layout":"","_kad_post_sidebar_id":"","_kad_post_content_style":"","_kad_post_vertical_padding":"","_kad_post_feature":"","_kad_post_feature_position":"","_kad_post_header":false,"_kad_post_footer":false,"footnotes":""},"class_list":["post-52","page","type-page","status-publish","hentry"],"yoast_head":"<!-- This site is optimized with the Yoast SEO plugin v27.5 - https:\/\/yoast.com\/product\/yoast-seo-wordpress\/ -->\n<title>Adh\u00e9sion 2025-2026 - Club informatique Laroque des Alb\u00e8res<\/title>\n<meta name=\"robots\" content=\"index, follow, max-snippet:-1, max-image-preview:large, max-video-preview:-1\" \/>\n<link rel=\"canonical\" href=\"https:\/\/club-informatique-laroque.fr\/index.php\/adhesion\/\" \/>\n<meta property=\"og:locale\" content=\"fr_FR\" \/>\n<meta property=\"og:type\" content=\"article\" \/>\n<meta property=\"og:title\" content=\"Adh\u00e9sion 2025-2026 - Club informatique Laroque des Alb\u00e8res\" \/>\n<meta property=\"og:description\" content=\"Cotisation et R\u00e8gles Inscription annuelle des adh\u00e9rents : Pour r\u00e9gler votre cotisation, vous pourrez payer directement sur le site helloasso.com ou en cliquant sur ce QRcode. Vous pouvez aussi payer par ch\u00e8que ou esp\u00e8ces au club. Merci de remplir votre bulletin d&rsquo;inscription\" \/>\n<meta property=\"og:url\" content=\"https:\/\/club-informatique-laroque.fr\/index.php\/adhesion\/\" \/>\n<meta property=\"og:site_name\" content=\"Club informatique Laroque des Alb\u00e8res\" \/>\n<meta property=\"article:modified_time\" content=\"2025-09-11T13:11:11+00:00\" \/>\n<meta property=\"og:image\" content=\"https:\/\/club-informatique-laroque.fr\/wp-content\/uploads\/2025\/09\/image-3.png\" \/>\n\t<meta property=\"og:image:width\" content=\"600\" \/>\n\t<meta property=\"og:image:height\" content=\"600\" \/>\n\t<meta property=\"og:image:type\" content=\"image\/png\" \/>\n<meta name=\"twitter:card\" content=\"summary_large_image\" \/>\n<meta name=\"twitter:label1\" content=\"Dur\u00e9e de lecture estim\u00e9e\" \/>\n\t<meta name=\"twitter:data1\" content=\"2 minutes\" \/>\n<script type=\"application\/ld+json\" class=\"yoast-schema-graph\">{\"@context\":\"https:\\\/\\\/schema.org\",\"@graph\":[{\"@type\":\"WebPage\",\"@id\":\"https:\\\/\\\/club-informatique-laroque.fr\\\/index.php\\\/adhesion\\\/\",\"url\":\"https:\\\/\\\/club-informatique-laroque.fr\\\/index.php\\\/adhesion\\\/\",\"name\":\"Adh\u00e9sion 2025-2026 - Club informatique Laroque des Alb\u00e8res\",\"isPartOf\":{\"@id\":\"https:\\\/\\\/club-informatique-laroque.fr\\\/#website\"},\"primaryImageOfPage\":{\"@id\":\"https:\\\/\\\/club-informatique-laroque.fr\\\/index.php\\\/adhesion\\\/#primaryimage\"},\"image\":{\"@id\":\"https:\\\/\\\/club-informatique-laroque.fr\\\/index.php\\\/adhesion\\\/#primaryimage\"},\"thumbnailUrl\":\"https:\\\/\\\/club-informatique-laroque.fr\\\/wp-content\\\/uploads\\\/2025\\\/09\\\/image-3.png\",\"datePublished\":\"2023-12-26T13:33:28+00:00\",\"dateModified\":\"2025-09-11T13:11:11+00:00\",\"breadcrumb\":{\"@id\":\"https:\\\/\\\/club-informatique-laroque.fr\\\/index.php\\\/adhesion\\\/#breadcrumb\"},\"inLanguage\":\"fr-FR\",\"potentialAction\":[{\"@type\":\"ReadAction\",\"target\":[\"https:\\\/\\\/club-informatique-laroque.fr\\\/index.php\\\/adhesion\\\/\"]}]},{\"@type\":\"ImageObject\",\"inLanguage\":\"fr-FR\",\"@id\":\"https:\\\/\\\/club-informatique-laroque.fr\\\/index.php\\\/adhesion\\\/#primaryimage\",\"url\":\"https:\\\/\\\/club-informatique-laroque.fr\\\/wp-content\\\/uploads\\\/2025\\\/09\\\/image-3.png\",\"contentUrl\":\"https:\\\/\\\/club-informatique-laroque.fr\\\/wp-content\\\/uploads\\\/2025\\\/09\\\/image-3.png\",\"width\":600,\"height\":600},{\"@type\":\"BreadcrumbList\",\"@id\":\"https:\\\/\\\/club-informatique-laroque.fr\\\/index.php\\\/adhesion\\\/#breadcrumb\",\"itemListElement\":[{\"@type\":\"ListItem\",\"position\":1,\"name\":\"Accueil\",\"item\":\"https:\\\/\\\/club-informatique-laroque.fr\\\/\"},{\"@type\":\"ListItem\",\"position\":2,\"name\":\"Adh\u00e9sion 2025-2026\"}]},{\"@type\":\"WebSite\",\"@id\":\"https:\\\/\\\/club-informatique-laroque.fr\\\/#website\",\"url\":\"https:\\\/\\\/club-informatique-laroque.fr\\\/\",\"name\":\"Club informatique Laroque des Alb\u00e8res\",\"description\":\"\",\"publisher\":{\"@id\":\"https:\\\/\\\/club-informatique-laroque.fr\\\/#organization\"},\"potentialAction\":[{\"@type\":\"SearchAction\",\"target\":{\"@type\":\"EntryPoint\",\"urlTemplate\":\"https:\\\/\\\/club-informatique-laroque.fr\\\/?s={search_term_string}\"},\"query-input\":{\"@type\":\"PropertyValueSpecification\",\"valueRequired\":true,\"valueName\":\"search_term_string\"}}],\"inLanguage\":\"fr-FR\"},{\"@type\":\"Organization\",\"@id\":\"https:\\\/\\\/club-informatique-laroque.fr\\\/#organization\",\"name\":\"Club informatique Laroque des Alb\u00e8res\",\"url\":\"https:\\\/\\\/club-informatique-laroque.fr\\\/\",\"logo\":{\"@type\":\"ImageObject\",\"inLanguage\":\"fr-FR\",\"@id\":\"https:\\\/\\\/club-informatique-laroque.fr\\\/#\\\/schema\\\/logo\\\/image\\\/\",\"url\":\"https:\\\/\\\/club-informatique-laroque.fr\\\/wp-content\\\/uploads\\\/2023\\\/12\\\/xq7mc46h.jpg\",\"contentUrl\":\"https:\\\/\\\/club-informatique-laroque.fr\\\/wp-content\\\/uploads\\\/2023\\\/12\\\/xq7mc46h.jpg\",\"width\":98,\"height\":80,\"caption\":\"Club informatique Laroque des Alb\u00e8res\"},\"image\":{\"@id\":\"https:\\\/\\\/club-informatique-laroque.fr\\\/#\\\/schema\\\/logo\\\/image\\\/\"}}]}<\/script>\n<!-- \/ Yoast SEO plugin. -->","yoast_head_json":{"title":"Adh\u00e9sion 2025-2026 - Club informatique Laroque des Alb\u00e8res","robots":{"index":"index","follow":"follow","max-snippet":"max-snippet:-1","max-image-preview":"max-image-preview:large","max-video-preview":"max-video-preview:-1"},"canonical":"https:\/\/club-informatique-laroque.fr\/index.php\/adhesion\/","og_locale":"fr_FR","og_type":"article","og_title":"Adh\u00e9sion 2025-2026 - Club informatique Laroque des Alb\u00e8res","og_description":"Cotisation et R\u00e8gles Inscription annuelle des adh\u00e9rents : Pour r\u00e9gler votre cotisation, vous pourrez payer directement sur le site helloasso.com ou en cliquant sur ce QRcode. Vous pouvez aussi payer par ch\u00e8que ou esp\u00e8ces au club. Merci de remplir votre bulletin d&rsquo;inscription","og_url":"https:\/\/club-informatique-laroque.fr\/index.php\/adhesion\/","og_site_name":"Club informatique Laroque des Alb\u00e8res","article_modified_time":"2025-09-11T13:11:11+00:00","og_image":[{"width":600,"height":600,"url":"https:\/\/club-informatique-laroque.fr\/wp-content\/uploads\/2025\/09\/image-3.png","type":"image\/png"}],"twitter_card":"summary_large_image","twitter_misc":{"Dur\u00e9e de lecture estim\u00e9e":"2 minutes"},"schema":{"@context":"https:\/\/schema.org","@graph":[{"@type":"WebPage","@id":"https:\/\/club-informatique-laroque.fr\/index.php\/adhesion\/","url":"https:\/\/club-informatique-laroque.fr\/index.php\/adhesion\/","name":"Adh\u00e9sion 2025-2026 - Club informatique Laroque des Alb\u00e8res","isPartOf":{"@id":"https:\/\/club-informatique-laroque.fr\/#website"},"primaryImageOfPage":{"@id":"https:\/\/club-informatique-laroque.fr\/index.php\/adhesion\/#primaryimage"},"image":{"@id":"https:\/\/club-informatique-laroque.fr\/index.php\/adhesion\/#primaryimage"},"thumbnailUrl":"https:\/\/club-informatique-laroque.fr\/wp-content\/uploads\/2025\/09\/image-3.png","datePublished":"2023-12-26T13:33:28+00:00","dateModified":"2025-09-11T13:11:11+00:00","breadcrumb":{"@id":"https:\/\/club-informatique-laroque.fr\/index.php\/adhesion\/#breadcrumb"},"inLanguage":"fr-FR","potentialAction":[{"@type":"ReadAction","target":["https:\/\/club-informatique-laroque.fr\/index.php\/adhesion\/"]}]},{"@type":"ImageObject","inLanguage":"fr-FR","@id":"https:\/\/club-informatique-laroque.fr\/index.php\/adhesion\/#primaryimage","url":"https:\/\/club-informatique-laroque.fr\/wp-content\/uploads\/2025\/09\/image-3.png","contentUrl":"https:\/\/club-informatique-laroque.fr\/wp-content\/uploads\/2025\/09\/image-3.png","width":600,"height":600},{"@type":"BreadcrumbList","@id":"https:\/\/club-informatique-laroque.fr\/index.php\/adhesion\/#breadcrumb","itemListElement":[{"@type":"ListItem","position":1,"name":"Accueil","item":"https:\/\/club-informatique-laroque.fr\/"},{"@type":"ListItem","position":2,"name":"Adh\u00e9sion 2025-2026"}]},{"@type":"WebSite","@id":"https:\/\/club-informatique-laroque.fr\/#website","url":"https:\/\/club-informatique-laroque.fr\/","name":"Club informatique Laroque des Alb\u00e8res","description":"","publisher":{"@id":"https:\/\/club-informatique-laroque.fr\/#organization"},"potentialAction":[{"@type":"SearchAction","target":{"@type":"EntryPoint","urlTemplate":"https:\/\/club-informatique-laroque.fr\/?s={search_term_string}"},"query-input":{"@type":"PropertyValueSpecification","valueRequired":true,"valueName":"search_term_string"}}],"inLanguage":"fr-FR"},{"@type":"Organization","@id":"https:\/\/club-informatique-laroque.fr\/#organization","name":"Club informatique Laroque des Alb\u00e8res","url":"https:\/\/club-informatique-laroque.fr\/","logo":{"@type":"ImageObject","inLanguage":"fr-FR","@id":"https:\/\/club-informatique-laroque.fr\/#\/schema\/logo\/image\/","url":"https:\/\/club-informatique-laroque.fr\/wp-content\/uploads\/2023\/12\/xq7mc46h.jpg","contentUrl":"https:\/\/club-informatique-laroque.fr\/wp-content\/uploads\/2023\/12\/xq7mc46h.jpg","width":98,"height":80,"caption":"Club informatique Laroque des Alb\u00e8res"},"image":{"@id":"https:\/\/club-informatique-laroque.fr\/#\/schema\/logo\/image\/"}}]}},"_links":{"self":[{"href":"https:\/\/club-informatique-laroque.fr\/index.php\/wp-json\/wp\/v2\/pages\/52","targetHints":{"allow":["GET"]}}],"collection":[{"href":"https:\/\/club-informatique-laroque.fr\/index.php\/wp-json\/wp\/v2\/pages"}],"about":[{"href":"https:\/\/club-informatique-laroque.fr\/index.php\/wp-json\/wp\/v2\/types\/page"}],"author":[{"embeddable":true,"href":"https:\/\/club-informatique-laroque.fr\/index.php\/wp-json\/wp\/v2\/users\/1"}],"replies":[{"embeddable":true,"href":"https:\/\/club-informatique-laroque.fr\/index.php\/wp-json\/wp\/v2\/comments?post=52"}],"version-history":[{"count":28,"href":"https:\/\/club-informatique-laroque.fr\/index.php\/wp-json\/wp\/v2\/pages\/52\/revisions"}],"predecessor-version":[{"id":549,"href":"https:\/\/club-informatique-laroque.fr\/index.php\/wp-json\/wp\/v2\/pages\/52\/revisions\/549"}],"wp:attachment":[{"href":"https:\/\/club-informatique-laroque.fr\/index.php\/wp-json\/wp\/v2\/media?parent=52"}],"curies":[{"name":"wp","href":"https:\/\/api.w.org\/{rel}","templated":true}]}}