{"id":44,"date":"2023-12-26T14:21:57","date_gmt":"2023-12-26T13:21:57","guid":{"rendered":"http:\/\/localhost\/wordpress%20club_2\/?page_id=44"},"modified":"2025-09-04T11:50:27","modified_gmt":"2025-09-04T09:50:27","slug":"genealogie","status":"publish","type":"page","link":"https:\/\/club-informatique-laroque.fr\/index.php\/genealogie\/","title":{"rendered":"G\u00e9n\u00e9alogie"},"content":{"rendered":"\n<figure class=\"wp-block-image size-large\"><img decoding=\"async\" src=\"https:\/\/club-informatique-laroque.fr\/wp-content\/uploads\/2024\/01\/IMG_3948-2.jpg\" alt=\"Martine CABASSO Animatrice\"\/><\/figure>\n\n\n\n<div class=\"wp-block-group is-vertical is-layout-flex wp-container-core-group-is-layout-8cf370e7 wp-block-group-is-layout-flex\">\n<p><strong>Martine CABASSOT<\/strong><\/p>\n\n\n\n<p><strong>Le jeudi de 14h \u00e0 15h30<\/strong><\/p>\n\n\n\n<ul class=\"wp-block-list\">\n<li>Utilisation des logiciels <strong><em>GENEANET, HEREDIS, FAMILY SEARCH, FILAE<\/em><\/strong>.<\/li>\n\n\n\n<li>Recherche sur archives d\u00e9partementales, notaires, \u00e9change avec des b\u00e9n\u00e9voles de par le monde.<\/li>\n<\/ul>\n\n\n\n<p>Pour en savoir plus sur la g\u00e9n\u00e9alogie, \u00e9coutez <strong>Martine Cabassot<\/strong> sur <strong>France Bleu Roussillon<\/strong><\/p>\n<\/div>\n\n\n\n<figure class=\"wp-block-audio\"><audio controls src=\"https:\/\/club-informatique-laroque.fr\/wp-content\/uploads\/2024\/08\/France-Bleu.mp3\"><\/audio><\/figure>\n\n\n\n<p><\/p>\n","protected":false},"excerpt":{"rendered":"<p>Martine CABASSOT Le jeudi de 14h \u00e0 15h30 Pour en savoir plus sur la g\u00e9n\u00e9alogie, \u00e9coutez Martine Cabassot sur France Bleu Roussillon<\/p>\n","protected":false},"author":1,"featured_media":0,"parent":0,"menu_order":0,"comment_status":"closed","ping_status":"closed","template":"","meta":{"_kadence_starter_templates_imported_post":false,"_kad_post_transparent":"","_kad_post_title":"","_kad_post_layout":"","_kad_post_sidebar_id":"","_kad_post_content_style":"","_kad_post_vertical_padding":"","_kad_post_feature":"","_kad_post_feature_position":"","_kad_post_header":false,"_kad_post_footer":false,"footnotes":""},"class_list":["post-44","page","type-page","status-publish","hentry"],"yoast_head":"<!-- This site is optimized with the Yoast SEO plugin v27.5 - https:\/\/yoast.com\/product\/yoast-seo-wordpress\/ -->\n<title>G\u00e9n\u00e9alogie - Club informatique Laroque des Alb\u00e8res<\/title>\n<meta name=\"robots\" content=\"index, follow, max-snippet:-1, max-image-preview:large, max-video-preview:-1\" \/>\n<link rel=\"canonical\" href=\"https:\/\/club-informatique-laroque.fr\/index.php\/genealogie\/\" \/>\n<meta property=\"og:locale\" content=\"fr_FR\" \/>\n<meta property=\"og:type\" content=\"article\" \/>\n<meta property=\"og:title\" content=\"G\u00e9n\u00e9alogie - Club informatique Laroque des Alb\u00e8res\" \/>\n<meta property=\"og:description\" content=\"Martine CABASSOT Le jeudi de 14h \u00e0 15h30 Pour en savoir plus sur la g\u00e9n\u00e9alogie, \u00e9coutez Martine Cabassot sur France Bleu Roussillon\" \/>\n<meta property=\"og:url\" content=\"https:\/\/club-informatique-laroque.fr\/index.php\/genealogie\/\" \/>\n<meta property=\"og:site_name\" content=\"Club informatique Laroque des Alb\u00e8res\" \/>\n<meta property=\"article:modified_time\" content=\"2025-09-04T09:50:27+00:00\" \/>\n<meta property=\"og:image\" content=\"https:\/\/club-informatique-laroque.fr\/wp-content\/uploads\/2024\/01\/IMG_3948-2.jpg\" \/>\n<meta name=\"twitter:card\" content=\"summary_large_image\" \/>\n<meta name=\"twitter:label1\" content=\"Dur\u00e9e de lecture estim\u00e9e\" \/>\n\t<meta name=\"twitter:data1\" content=\"1 minute\" \/>\n<script type=\"application\/ld+json\" class=\"yoast-schema-graph\">{\"@context\":\"https:\\\/\\\/schema.org\",\"@graph\":[{\"@type\":\"WebPage\",\"@id\":\"https:\\\/\\\/club-informatique-laroque.fr\\\/index.php\\\/genealogie\\\/\",\"url\":\"https:\\\/\\\/club-informatique-laroque.fr\\\/index.php\\\/genealogie\\\/\",\"name\":\"G\u00e9n\u00e9alogie - Club informatique Laroque des Alb\u00e8res\",\"isPartOf\":{\"@id\":\"https:\\\/\\\/club-informatique-laroque.fr\\\/#website\"},\"primaryImageOfPage\":{\"@id\":\"https:\\\/\\\/club-informatique-laroque.fr\\\/index.php\\\/genealogie\\\/#primaryimage\"},\"image\":{\"@id\":\"https:\\\/\\\/club-informatique-laroque.fr\\\/index.php\\\/genealogie\\\/#primaryimage\"},\"thumbnailUrl\":\"https:\\\/\\\/club-informatique-laroque.fr\\\/wp-content\\\/uploads\\\/2024\\\/01\\\/IMG_3948-2.jpg\",\"datePublished\":\"2023-12-26T13:21:57+00:00\",\"dateModified\":\"2025-09-04T09:50:27+00:00\",\"breadcrumb\":{\"@id\":\"https:\\\/\\\/club-informatique-laroque.fr\\\/index.php\\\/genealogie\\\/#breadcrumb\"},\"inLanguage\":\"fr-FR\",\"potentialAction\":[{\"@type\":\"ReadAction\",\"target\":[\"https:\\\/\\\/club-informatique-laroque.fr\\\/index.php\\\/genealogie\\\/\"]}]},{\"@type\":\"ImageObject\",\"inLanguage\":\"fr-FR\",\"@id\":\"https:\\\/\\\/club-informatique-laroque.fr\\\/index.php\\\/genealogie\\\/#primaryimage\",\"url\":\"https:\\\/\\\/club-informatique-laroque.fr\\\/wp-content\\\/uploads\\\/2024\\\/01\\\/IMG_3948-2.jpg\",\"contentUrl\":\"https:\\\/\\\/club-informatique-laroque.fr\\\/wp-content\\\/uploads\\\/2024\\\/01\\\/IMG_3948-2.jpg\",\"width\":142,\"height\":213,\"caption\":\"Martine CABASSO Animatrice\"},{\"@type\":\"BreadcrumbList\",\"@id\":\"https:\\\/\\\/club-informatique-laroque.fr\\\/index.php\\\/genealogie\\\/#breadcrumb\",\"itemListElement\":[{\"@type\":\"ListItem\",\"position\":1,\"name\":\"Accueil\",\"item\":\"https:\\\/\\\/club-informatique-laroque.fr\\\/\"},{\"@type\":\"ListItem\",\"position\":2,\"name\":\"G\u00e9n\u00e9alogie\"}]},{\"@type\":\"WebSite\",\"@id\":\"https:\\\/\\\/club-informatique-laroque.fr\\\/#website\",\"url\":\"https:\\\/\\\/club-informatique-laroque.fr\\\/\",\"name\":\"Club informatique Laroque des Alb\u00e8res\",\"description\":\"\",\"publisher\":{\"@id\":\"https:\\\/\\\/club-informatique-laroque.fr\\\/#organization\"},\"potentialAction\":[{\"@type\":\"SearchAction\",\"target\":{\"@type\":\"EntryPoint\",\"urlTemplate\":\"https:\\\/\\\/club-informatique-laroque.fr\\\/?s={search_term_string}\"},\"query-input\":{\"@type\":\"PropertyValueSpecification\",\"valueRequired\":true,\"valueName\":\"search_term_string\"}}],\"inLanguage\":\"fr-FR\"},{\"@type\":\"Organization\",\"@id\":\"https:\\\/\\\/club-informatique-laroque.fr\\\/#organization\",\"name\":\"Club informatique Laroque des Alb\u00e8res\",\"url\":\"https:\\\/\\\/club-informatique-laroque.fr\\\/\",\"logo\":{\"@type\":\"ImageObject\",\"inLanguage\":\"fr-FR\",\"@id\":\"https:\\\/\\\/club-informatique-laroque.fr\\\/#\\\/schema\\\/logo\\\/image\\\/\",\"url\":\"https:\\\/\\\/club-informatique-laroque.fr\\\/wp-content\\\/uploads\\\/2023\\\/12\\\/xq7mc46h.jpg\",\"contentUrl\":\"https:\\\/\\\/club-informatique-laroque.fr\\\/wp-content\\\/uploads\\\/2023\\\/12\\\/xq7mc46h.jpg\",\"width\":98,\"height\":80,\"caption\":\"Club informatique Laroque des Alb\u00e8res\"},\"image\":{\"@id\":\"https:\\\/\\\/club-informatique-laroque.fr\\\/#\\\/schema\\\/logo\\\/image\\\/\"}}]}<\/script>\n<!-- \/ Yoast SEO plugin. -->","yoast_head_json":{"title":"G\u00e9n\u00e9alogie - Club informatique Laroque des Alb\u00e8res","robots":{"index":"index","follow":"follow","max-snippet":"max-snippet:-1","max-image-preview":"max-image-preview:large","max-video-preview":"max-video-preview:-1"},"canonical":"https:\/\/club-informatique-laroque.fr\/index.php\/genealogie\/","og_locale":"fr_FR","og_type":"article","og_title":"G\u00e9n\u00e9alogie - Club informatique Laroque des Alb\u00e8res","og_description":"Martine CABASSOT Le jeudi de 14h \u00e0 15h30 Pour en savoir plus sur la g\u00e9n\u00e9alogie, \u00e9coutez Martine Cabassot sur France Bleu Roussillon","og_url":"https:\/\/club-informatique-laroque.fr\/index.php\/genealogie\/","og_site_name":"Club informatique Laroque des Alb\u00e8res","article_modified_time":"2025-09-04T09:50:27+00:00","og_image":[{"url":"https:\/\/club-informatique-laroque.fr\/wp-content\/uploads\/2024\/01\/IMG_3948-2.jpg","type":"","width":"","height":""}],"twitter_card":"summary_large_image","twitter_misc":{"Dur\u00e9e de lecture estim\u00e9e":"1 minute"},"schema":{"@context":"https:\/\/schema.org","@graph":[{"@type":"WebPage","@id":"https:\/\/club-informatique-laroque.fr\/index.php\/genealogie\/","url":"https:\/\/club-informatique-laroque.fr\/index.php\/genealogie\/","name":"G\u00e9n\u00e9alogie - Club informatique Laroque des Alb\u00e8res","isPartOf":{"@id":"https:\/\/club-informatique-laroque.fr\/#website"},"primaryImageOfPage":{"@id":"https:\/\/club-informatique-laroque.fr\/index.php\/genealogie\/#primaryimage"},"image":{"@id":"https:\/\/club-informatique-laroque.fr\/index.php\/genealogie\/#primaryimage"},"thumbnailUrl":"https:\/\/club-informatique-laroque.fr\/wp-content\/uploads\/2024\/01\/IMG_3948-2.jpg","datePublished":"2023-12-26T13:21:57+00:00","dateModified":"2025-09-04T09:50:27+00:00","breadcrumb":{"@id":"https:\/\/club-informatique-laroque.fr\/index.php\/genealogie\/#breadcrumb"},"inLanguage":"fr-FR","potentialAction":[{"@type":"ReadAction","target":["https:\/\/club-informatique-laroque.fr\/index.php\/genealogie\/"]}]},{"@type":"ImageObject","inLanguage":"fr-FR","@id":"https:\/\/club-informatique-laroque.fr\/index.php\/genealogie\/#primaryimage","url":"https:\/\/club-informatique-laroque.fr\/wp-content\/uploads\/2024\/01\/IMG_3948-2.jpg","contentUrl":"https:\/\/club-informatique-laroque.fr\/wp-content\/uploads\/2024\/01\/IMG_3948-2.jpg","width":142,"height":213,"caption":"Martine CABASSO Animatrice"},{"@type":"BreadcrumbList","@id":"https:\/\/club-informatique-laroque.fr\/index.php\/genealogie\/#breadcrumb","itemListElement":[{"@type":"ListItem","position":1,"name":"Accueil","item":"https:\/\/club-informatique-laroque.fr\/"},{"@type":"ListItem","position":2,"name":"G\u00e9n\u00e9alogie"}]},{"@type":"WebSite","@id":"https:\/\/club-informatique-laroque.fr\/#website","url":"https:\/\/club-informatique-laroque.fr\/","name":"Club informatique Laroque des Alb\u00e8res","description":"","publisher":{"@id":"https:\/\/club-informatique-laroque.fr\/#organization"},"potentialAction":[{"@type":"SearchAction","target":{"@type":"EntryPoint","urlTemplate":"https:\/\/club-informatique-laroque.fr\/?s={search_term_string}"},"query-input":{"@type":"PropertyValueSpecification","valueRequired":true,"valueName":"search_term_string"}}],"inLanguage":"fr-FR"},{"@type":"Organization","@id":"https:\/\/club-informatique-laroque.fr\/#organization","name":"Club informatique Laroque des Alb\u00e8res","url":"https:\/\/club-informatique-laroque.fr\/","logo":{"@type":"ImageObject","inLanguage":"fr-FR","@id":"https:\/\/club-informatique-laroque.fr\/#\/schema\/logo\/image\/","url":"https:\/\/club-informatique-laroque.fr\/wp-content\/uploads\/2023\/12\/xq7mc46h.jpg","contentUrl":"https:\/\/club-informatique-laroque.fr\/wp-content\/uploads\/2023\/12\/xq7mc46h.jpg","width":98,"height":80,"caption":"Club informatique Laroque des Alb\u00e8res"},"image":{"@id":"https:\/\/club-informatique-laroque.fr\/#\/schema\/logo\/image\/"}}]}},"_links":{"self":[{"href":"https:\/\/club-informatique-laroque.fr\/index.php\/wp-json\/wp\/v2\/pages\/44","targetHints":{"allow":["GET"]}}],"collection":[{"href":"https:\/\/club-informatique-laroque.fr\/index.php\/wp-json\/wp\/v2\/pages"}],"about":[{"href":"https:\/\/club-informatique-laroque.fr\/index.php\/wp-json\/wp\/v2\/types\/page"}],"author":[{"embeddable":true,"href":"https:\/\/club-informatique-laroque.fr\/index.php\/wp-json\/wp\/v2\/users\/1"}],"replies":[{"embeddable":true,"href":"https:\/\/club-informatique-laroque.fr\/index.php\/wp-json\/wp\/v2\/comments?post=44"}],"version-history":[{"count":16,"href":"https:\/\/club-informatique-laroque.fr\/index.php\/wp-json\/wp\/v2\/pages\/44\/revisions"}],"predecessor-version":[{"id":539,"href":"https:\/\/club-informatique-laroque.fr\/index.php\/wp-json\/wp\/v2\/pages\/44\/revisions\/539"}],"wp:attachment":[{"href":"https:\/\/club-informatique-laroque.fr\/index.php\/wp-json\/wp\/v2\/media?parent=44"}],"curies":[{"name":"wp","href":"https:\/\/api.w.org\/{rel}","templated":true}]}}