{"id":418,"date":"2024-09-11T15:23:42","date_gmt":"2024-09-11T13:23:42","guid":{"rendered":"https:\/\/club-informatique-laroque.fr\/?page_id=418"},"modified":"2025-12-20T15:22:29","modified_gmt":"2025-12-20T14:22:29","slug":"contact-2","status":"publish","type":"page","link":"https:\/\/club-informatique-laroque.fr\/index.php\/contact-2\/","title":{"rendered":"Contact"},"content":{"rendered":"\n<p>Club informatique Rocatin <br>18 rue du docteur Raymond Carboneill <br>66740 Laroque des Alb\u00e8res<\/p>\n\n\n\n<p class=\"has-text-align-center\"><strong>Demande de contact<\/strong><\/p>\n\n\n<style id=\"wpforms-css-vars-91-block-8c252409-6bc8-4596-86b7-acf2ffed58df\">\n\t\t\t\t#wpforms-91.wpforms-block-8c252409-6bc8-4596-86b7-acf2ffed58df {\n\t\t\t\t--wpforms-field-size-input-height: 43px;\n--wpforms-field-size-input-spacing: 15px;\n--wpforms-field-size-font-size: 16px;\n--wpforms-field-size-line-height: 19px;\n--wpforms-field-size-padding-h: 14px;\n--wpforms-field-size-checkbox-size: 16px;\n--wpforms-field-size-sublabel-spacing: 5px;\n--wpforms-field-size-icon-size: 1;\n--wpforms-label-size-font-size: 16px;\n--wpforms-label-size-line-height: 19px;\n--wpforms-label-size-sublabel-font-size: 14px;\n--wpforms-label-size-sublabel-line-height: 17px;\n--wpforms-button-size-font-size: 17px;\n--wpforms-button-size-height: 41px;\n--wpforms-button-size-padding-h: 15px;\n--wpforms-button-size-margin-top: 10px;\n\t\t\t}\n\t\t\t<\/style><div class=\"wpforms-container wpforms-container-full wpforms-block wpforms-block-8c252409-6bc8-4596-86b7-acf2ffed58df wpforms-render-modern\" id=\"wpforms-91\"><form id=\"wpforms-form-91\" class=\"wpforms-validate wpforms-form wpforms-ajax-form\" data-formid=\"91\" method=\"post\" enctype=\"multipart\/form-data\" action=\"\/index.php\/wp-json\/wp\/v2\/pages\/418\" data-token=\"bea49cf3b8cb670293511cdf0fde73dc\" data-token-time=\"1777571620\"><noscript class=\"wpforms-error-noscript\">Veuillez activer JavaScript dans votre navigateur pour remplir ce formulaire.<\/noscript><div id=\"wpforms-error-noscript\" style=\"display: none;\">Veuillez activer JavaScript dans votre navigateur pour remplir ce formulaire.<\/div><div class=\"wpforms-field-container\"><div id=\"wpforms-91-field_5-container\" class=\"wpforms-field wpforms-field-radio wpforms-list-inline\" data-field-id=\"5\"><fieldset><legend class=\"wpforms-field-label\">Civilit\u00e9<\/legend><ul id=\"wpforms-91-field_5\"><li class=\"choice-1 depth-1\"><input type=\"radio\" id=\"wpforms-91-field_5_1\" name=\"wpforms[fields][5]\" value=\"Madame\" aria-errormessage=\"wpforms-91-field_5_1-error\"  ><label class=\"wpforms-field-label-inline\" for=\"wpforms-91-field_5_1\">Madame<\/label><\/li><li class=\"choice-2 depth-1\"><input type=\"radio\" id=\"wpforms-91-field_5_2\" name=\"wpforms[fields][5]\" value=\"Mademoiselle\" aria-errormessage=\"wpforms-91-field_5_2-error\"  ><label class=\"wpforms-field-label-inline\" for=\"wpforms-91-field_5_2\">Mademoiselle<\/label><\/li><li class=\"choice-3 depth-1\"><input type=\"radio\" id=\"wpforms-91-field_5_3\" name=\"wpforms[fields][5]\" value=\"Monsieur\" aria-errormessage=\"wpforms-91-field_5_3-error\"  ><label class=\"wpforms-field-label-inline\" for=\"wpforms-91-field_5_3\">Monsieur<\/label><\/li><\/ul><\/fieldset><\/div><div id=\"wpforms-91-field_0-container\" class=\"wpforms-field wpforms-field-name\" data-field-id=\"0\"><fieldset><legend class=\"wpforms-field-label\">Pr\u00e9nom, nom <span class=\"wpforms-required-label\" aria-hidden=\"true\">*<\/span><\/legend><div class=\"wpforms-field-row wpforms-field-medium\"><div class=\"wpforms-field-row-block wpforms-first wpforms-one-half\"><input type=\"text\" id=\"wpforms-91-field_0\" class=\"wpforms-field-name-first wpforms-field-required\" name=\"wpforms[fields][0][first]\" aria-errormessage=\"wpforms-91-field_0-error\" required><label for=\"wpforms-91-field_0\" class=\"wpforms-field-sublabel after\">Pr\u00e9nom<\/label><\/div><div class=\"wpforms-field-row-block wpforms-one-half\"><input type=\"text\" id=\"wpforms-91-field_0-last\" class=\"wpforms-field-name-last wpforms-field-required\" name=\"wpforms[fields][0][last]\" aria-errormessage=\"wpforms-91-field_0-last-error\" required><label for=\"wpforms-91-field_0-last\" class=\"wpforms-field-sublabel after\">Nom<\/label><\/div><\/div><\/fieldset><\/div><div id=\"wpforms-91-field_1-container\" class=\"wpforms-field wpforms-field-email\" data-field-id=\"1\"><label class=\"wpforms-field-label\" for=\"wpforms-91-field_1\">E-mail <span class=\"wpforms-required-label\" aria-hidden=\"true\">*<\/span><\/label><input type=\"email\" id=\"wpforms-91-field_1\" class=\"wpforms-field-medium wpforms-field-required\" name=\"wpforms[fields][1]\" spellcheck=\"false\" aria-errormessage=\"wpforms-91-field_1-error\" required><\/div><div id=\"wpforms-91-field_4-container\" class=\"wpforms-field wpforms-field-text\" data-field-id=\"4\"><label class=\"wpforms-field-label\" for=\"wpforms-91-field_4\">T\u00e9l\u00e9phone<\/label><input type=\"text\" id=\"wpforms-91-field_4\" class=\"wpforms-field-medium\" name=\"wpforms[fields][4]\" aria-errormessage=\"wpforms-91-field_4-error\" ><\/div><div id=\"wpforms-91-field_2-container\" class=\"wpforms-field wpforms-field-textarea\" data-field-id=\"2\"><label class=\"wpforms-field-label\" for=\"wpforms-91-field_2\">Commentaire ou message <span class=\"wpforms-required-label\" aria-hidden=\"true\">*<\/span><\/label><textarea id=\"wpforms-91-field_2\" class=\"wpforms-field-medium wpforms-field-required\" name=\"wpforms[fields][2]\" aria-errormessage=\"wpforms-91-field_2-error\" required><\/textarea><\/div><\/div><!-- .wpforms-field-container --><div class=\"wpforms-recaptcha-container wpforms-is-recaptcha wpforms-is-recaptcha-type-v2\" ><div class=\"g-recaptcha\" data-sitekey=\"6Ld40JgpAAAAADUogvO9q-GAbCpv19J2JBsD0nFh\"><\/div><input type=\"text\" name=\"g-recaptcha-hidden\" class=\"wpforms-recaptcha-hidden\" style=\"position:absolute!important;clip:rect(0,0,0,0)!important;height:1px!important;width:1px!important;border:0!important;overflow:hidden!important;padding:0!important;margin:0!important;\" data-rule-recaptcha=\"1\"><\/div><div class=\"wpforms-submit-container\" ><input type=\"hidden\" name=\"wpforms[id]\" value=\"91\"><input type=\"hidden\" name=\"page_title\" value=\"\"><input type=\"hidden\" name=\"page_url\" value=\"https:\/\/club-informatique-laroque.fr\/index.php\/wp-json\/wp\/v2\/pages\/418\"><input type=\"hidden\" name=\"url_referer\" value=\"\"><button type=\"submit\" name=\"wpforms[submit]\" id=\"wpforms-submit-91\" class=\"wpforms-submit\" data-alt-text=\"Envoi...\" data-submit-text=\"Envoyer\" aria-live=\"assertive\" value=\"wpforms-submit\">Envoyer<\/button><img decoding=\"async\" src=\"https:\/\/club-informatique-laroque.fr\/wp-content\/plugins\/wpforms-lite\/assets\/images\/submit-spin.svg\" class=\"wpforms-submit-spinner\" style=\"display: none;\" width=\"26\" height=\"26\" alt=\"Chargement en cours\"><\/div><\/form><\/div>  <!-- .wpforms-container -->\n\n\n<p><\/p>\n","protected":false},"excerpt":{"rendered":"<p>Club informatique Rocatin 18 rue du docteur Raymond Carboneill 66740 Laroque des Alb\u00e8res Demande de contact<\/p>\n","protected":false},"author":1,"featured_media":0,"parent":0,"menu_order":0,"comment_status":"closed","ping_status":"closed","template":"","meta":{"_kadence_starter_templates_imported_post":false,"_kad_post_transparent":"","_kad_post_title":"","_kad_post_layout":"","_kad_post_sidebar_id":"","_kad_post_content_style":"","_kad_post_vertical_padding":"","_kad_post_feature":"","_kad_post_feature_position":"","_kad_post_header":false,"_kad_post_footer":false,"footnotes":""},"class_list":["post-418","page","type-page","status-publish","hentry"],"yoast_head":"<!-- This site is optimized with the Yoast SEO plugin v27.5 - https:\/\/yoast.com\/product\/yoast-seo-wordpress\/ -->\n<title>Contact - Club informatique Laroque des Alb\u00e8res<\/title>\n<meta name=\"robots\" content=\"index, follow, max-snippet:-1, max-image-preview:large, max-video-preview:-1\" \/>\n<link rel=\"canonical\" href=\"https:\/\/club-informatique-laroque.fr\/index.php\/contact-2\/\" \/>\n<meta property=\"og:locale\" content=\"fr_FR\" \/>\n<meta property=\"og:type\" content=\"article\" \/>\n<meta property=\"og:title\" content=\"Contact - Club informatique Laroque des Alb\u00e8res\" \/>\n<meta property=\"og:description\" content=\"Club informatique Rocatin 18 rue du docteur Raymond Carboneill 66740 Laroque des Alb\u00e8res Demande de contact\" \/>\n<meta property=\"og:url\" content=\"https:\/\/club-informatique-laroque.fr\/index.php\/contact-2\/\" \/>\n<meta property=\"og:site_name\" content=\"Club informatique Laroque des Alb\u00e8res\" \/>\n<meta property=\"article:modified_time\" content=\"2025-12-20T14:22:29+00:00\" \/>\n<meta name=\"twitter:card\" content=\"summary_large_image\" \/>\n<meta name=\"twitter:label1\" content=\"Dur\u00e9e de lecture estim\u00e9e\" \/>\n\t<meta name=\"twitter:data1\" content=\"1 minute\" \/>\n<script type=\"application\/ld+json\" class=\"yoast-schema-graph\">{\"@context\":\"https:\\\/\\\/schema.org\",\"@graph\":[{\"@type\":\"WebPage\",\"@id\":\"https:\\\/\\\/club-informatique-laroque.fr\\\/index.php\\\/contact-2\\\/\",\"url\":\"https:\\\/\\\/club-informatique-laroque.fr\\\/index.php\\\/contact-2\\\/\",\"name\":\"Contact - Club informatique Laroque des Alb\u00e8res\",\"isPartOf\":{\"@id\":\"https:\\\/\\\/club-informatique-laroque.fr\\\/#website\"},\"datePublished\":\"2024-09-11T13:23:42+00:00\",\"dateModified\":\"2025-12-20T14:22:29+00:00\",\"breadcrumb\":{\"@id\":\"https:\\\/\\\/club-informatique-laroque.fr\\\/index.php\\\/contact-2\\\/#breadcrumb\"},\"inLanguage\":\"fr-FR\",\"potentialAction\":[{\"@type\":\"ReadAction\",\"target\":[\"https:\\\/\\\/club-informatique-laroque.fr\\\/index.php\\\/contact-2\\\/\"]}]},{\"@type\":\"BreadcrumbList\",\"@id\":\"https:\\\/\\\/club-informatique-laroque.fr\\\/index.php\\\/contact-2\\\/#breadcrumb\",\"itemListElement\":[{\"@type\":\"ListItem\",\"position\":1,\"name\":\"Accueil\",\"item\":\"https:\\\/\\\/club-informatique-laroque.fr\\\/\"},{\"@type\":\"ListItem\",\"position\":2,\"name\":\"Contact\"}]},{\"@type\":\"WebSite\",\"@id\":\"https:\\\/\\\/club-informatique-laroque.fr\\\/#website\",\"url\":\"https:\\\/\\\/club-informatique-laroque.fr\\\/\",\"name\":\"Club informatique Laroque des Alb\u00e8res\",\"description\":\"\",\"publisher\":{\"@id\":\"https:\\\/\\\/club-informatique-laroque.fr\\\/#organization\"},\"potentialAction\":[{\"@type\":\"SearchAction\",\"target\":{\"@type\":\"EntryPoint\",\"urlTemplate\":\"https:\\\/\\\/club-informatique-laroque.fr\\\/?s={search_term_string}\"},\"query-input\":{\"@type\":\"PropertyValueSpecification\",\"valueRequired\":true,\"valueName\":\"search_term_string\"}}],\"inLanguage\":\"fr-FR\"},{\"@type\":\"Organization\",\"@id\":\"https:\\\/\\\/club-informatique-laroque.fr\\\/#organization\",\"name\":\"Club informatique Laroque des Alb\u00e8res\",\"url\":\"https:\\\/\\\/club-informatique-laroque.fr\\\/\",\"logo\":{\"@type\":\"ImageObject\",\"inLanguage\":\"fr-FR\",\"@id\":\"https:\\\/\\\/club-informatique-laroque.fr\\\/#\\\/schema\\\/logo\\\/image\\\/\",\"url\":\"https:\\\/\\\/club-informatique-laroque.fr\\\/wp-content\\\/uploads\\\/2023\\\/12\\\/xq7mc46h.jpg\",\"contentUrl\":\"https:\\\/\\\/club-informatique-laroque.fr\\\/wp-content\\\/uploads\\\/2023\\\/12\\\/xq7mc46h.jpg\",\"width\":98,\"height\":80,\"caption\":\"Club informatique Laroque des Alb\u00e8res\"},\"image\":{\"@id\":\"https:\\\/\\\/club-informatique-laroque.fr\\\/#\\\/schema\\\/logo\\\/image\\\/\"}}]}<\/script>\n<!-- \/ Yoast SEO plugin. -->","yoast_head_json":{"title":"Contact - Club informatique Laroque des Alb\u00e8res","robots":{"index":"index","follow":"follow","max-snippet":"max-snippet:-1","max-image-preview":"max-image-preview:large","max-video-preview":"max-video-preview:-1"},"canonical":"https:\/\/club-informatique-laroque.fr\/index.php\/contact-2\/","og_locale":"fr_FR","og_type":"article","og_title":"Contact - Club informatique Laroque des Alb\u00e8res","og_description":"Club informatique Rocatin 18 rue du docteur Raymond Carboneill 66740 Laroque des Alb\u00e8res Demande de contact","og_url":"https:\/\/club-informatique-laroque.fr\/index.php\/contact-2\/","og_site_name":"Club informatique Laroque des Alb\u00e8res","article_modified_time":"2025-12-20T14:22:29+00:00","twitter_card":"summary_large_image","twitter_misc":{"Dur\u00e9e de lecture estim\u00e9e":"1 minute"},"schema":{"@context":"https:\/\/schema.org","@graph":[{"@type":"WebPage","@id":"https:\/\/club-informatique-laroque.fr\/index.php\/contact-2\/","url":"https:\/\/club-informatique-laroque.fr\/index.php\/contact-2\/","name":"Contact - Club informatique Laroque des Alb\u00e8res","isPartOf":{"@id":"https:\/\/club-informatique-laroque.fr\/#website"},"datePublished":"2024-09-11T13:23:42+00:00","dateModified":"2025-12-20T14:22:29+00:00","breadcrumb":{"@id":"https:\/\/club-informatique-laroque.fr\/index.php\/contact-2\/#breadcrumb"},"inLanguage":"fr-FR","potentialAction":[{"@type":"ReadAction","target":["https:\/\/club-informatique-laroque.fr\/index.php\/contact-2\/"]}]},{"@type":"BreadcrumbList","@id":"https:\/\/club-informatique-laroque.fr\/index.php\/contact-2\/#breadcrumb","itemListElement":[{"@type":"ListItem","position":1,"name":"Accueil","item":"https:\/\/club-informatique-laroque.fr\/"},{"@type":"ListItem","position":2,"name":"Contact"}]},{"@type":"WebSite","@id":"https:\/\/club-informatique-laroque.fr\/#website","url":"https:\/\/club-informatique-laroque.fr\/","name":"Club informatique Laroque des Alb\u00e8res","description":"","publisher":{"@id":"https:\/\/club-informatique-laroque.fr\/#organization"},"potentialAction":[{"@type":"SearchAction","target":{"@type":"EntryPoint","urlTemplate":"https:\/\/club-informatique-laroque.fr\/?s={search_term_string}"},"query-input":{"@type":"PropertyValueSpecification","valueRequired":true,"valueName":"search_term_string"}}],"inLanguage":"fr-FR"},{"@type":"Organization","@id":"https:\/\/club-informatique-laroque.fr\/#organization","name":"Club informatique Laroque des Alb\u00e8res","url":"https:\/\/club-informatique-laroque.fr\/","logo":{"@type":"ImageObject","inLanguage":"fr-FR","@id":"https:\/\/club-informatique-laroque.fr\/#\/schema\/logo\/image\/","url":"https:\/\/club-informatique-laroque.fr\/wp-content\/uploads\/2023\/12\/xq7mc46h.jpg","contentUrl":"https:\/\/club-informatique-laroque.fr\/wp-content\/uploads\/2023\/12\/xq7mc46h.jpg","width":98,"height":80,"caption":"Club informatique Laroque des Alb\u00e8res"},"image":{"@id":"https:\/\/club-informatique-laroque.fr\/#\/schema\/logo\/image\/"}}]}},"_links":{"self":[{"href":"https:\/\/club-informatique-laroque.fr\/index.php\/wp-json\/wp\/v2\/pages\/418","targetHints":{"allow":["GET"]}}],"collection":[{"href":"https:\/\/club-informatique-laroque.fr\/index.php\/wp-json\/wp\/v2\/pages"}],"about":[{"href":"https:\/\/club-informatique-laroque.fr\/index.php\/wp-json\/wp\/v2\/types\/page"}],"author":[{"embeddable":true,"href":"https:\/\/club-informatique-laroque.fr\/index.php\/wp-json\/wp\/v2\/users\/1"}],"replies":[{"embeddable":true,"href":"https:\/\/club-informatique-laroque.fr\/index.php\/wp-json\/wp\/v2\/comments?post=418"}],"version-history":[{"count":11,"href":"https:\/\/club-informatique-laroque.fr\/index.php\/wp-json\/wp\/v2\/pages\/418\/revisions"}],"predecessor-version":[{"id":607,"href":"https:\/\/club-informatique-laroque.fr\/index.php\/wp-json\/wp\/v2\/pages\/418\/revisions\/607"}],"wp:attachment":[{"href":"https:\/\/club-informatique-laroque.fr\/index.php\/wp-json\/wp\/v2\/media?parent=418"}],"curies":[{"name":"wp","href":"https:\/\/api.w.org\/{rel}","templated":true}]}}