{"id":41,"date":"2023-12-26T14:18:51","date_gmt":"2023-12-26T13:18:51","guid":{"rendered":"http:\/\/localhost\/wordpress%20club_2\/?page_id=41"},"modified":"2024-09-30T16:50:24","modified_gmt":"2024-09-30T14:50:24","slug":"perfectionnement","status":"publish","type":"page","link":"https:\/\/club-informatique-laroque.fr\/index.php\/perfectionnement\/","title":{"rendered":"Multim\u00e9dia"},"content":{"rendered":"\n<figure class=\"wp-block-image size-large\"><img decoding=\"async\" src=\"https:\/\/club-informatique-laroque.fr\/wp-content\/uploads\/2024\/01\/IMG_3941-2.jpg\" alt=\"Martine JUSTO Pr\u00e9sidente Animatrice\"\/><\/figure>\n\n\n\n<div class=\"wp-block-group is-vertical is-layout-flex wp-container-core-group-is-layout-8cf370e7 wp-block-group-is-layout-flex\">\n<p><strong>Martine JUSTO<\/strong><\/p>\n\n\n\n<p><strong>Avec<\/strong> <strong>Jo\u00eble, Marie-Jo R., Dominique, Jean-Paul<\/strong><\/p>\n\n\n\n<p><strong>Lundi de 16h \u00e0 17h30 <\/strong><\/p>\n\n\n\n<ul class=\"wp-block-list\">\n<li><em><strong>G\u00e9n\u00e9ralit\u00e9 Windows<\/strong> :<\/em>\n<ul class=\"wp-block-list\">\n<li>Personnalisation d\u2019un compte utilisateur<\/li>\n\n\n\n<li>S\u00e9curit\u00e9<\/li>\n\n\n\n<li>Sauvegarde<\/li>\n<\/ul>\n<\/li>\n\n\n\n<li><strong><em>Internet :<\/em><\/strong> navigation s\u00e9curis\u00e9e avec Op\u00e9ra<\/li>\n\n\n\n<li><strong><em>Intelligence<\/em><\/strong> artificielle <\/li>\n\n\n\n<li><strong><em>Cr\u00e9ations personnalis\u00e9es en ligne<\/em><\/strong> : Cartes d\u2019anniversaire avec CANVA ; Livres photos avec SMARTPHOTO<\/li>\n\n\n\n<li><strong><em>Utilitaires : <\/em><\/strong>gestion d\u2019espace disque, recherche de doublons, suppression fichier r\u00e9calcitrant<\/li>\n\n\n\n<li><strong><em>Photos <\/em><\/strong>: Visionneuse, modification attributs, redimensionnement, effets sp\u00e9ciaux, Retouches d\u2019images et de photos avec PhotoFiltre Studio<\/li>\n\n\n\n<li><strong><em>Vid\u00e9o <\/em><\/strong>: T\u00e9l\u00e9chargement et sauvegarde vid\u00e9o, montage vid\u00e9o avec Clipchamp<\/li>\n<\/ul>\n\n\n\n<p>\u00ab\u00a0<em>Les s\u00e9ances Multim\u00e9dia que j\u2019anime s\u2019adressent \u00e0 des personnes non d\u00e9butantes. Apr\u00e8s des g\u00e9n\u00e9ralit\u00e9s sur Windows comme la personnalisation d\u2019un compte utilisateur, nous cr\u00e9erons des cartes en ligne, des livres photos, des montages vid\u00e9o et verrons quelques utilitaires pour une bonne gestion des disques. Nous nous initierons \u00e9galement \u00e0 l\u2019Intelligence Artificielle. Et d\u2019autres sujets \u00e0 la demande \u2026<\/em>\u00ab\u00a0<\/p>\n<\/div>\n","protected":false},"excerpt":{"rendered":"<p>Martine JUSTO Avec Jo\u00eble, Marie-Jo R., Dominique, Jean-Paul Lundi de 16h \u00e0 17h30 \u00ab\u00a0Les s\u00e9ances Multim\u00e9dia que j\u2019anime s\u2019adressent \u00e0 des personnes non d\u00e9butantes. Apr\u00e8s des g\u00e9n\u00e9ralit\u00e9s sur Windows comme la personnalisation d\u2019un compte utilisateur, nous cr\u00e9erons des cartes en ligne, des livres photos, des montages vid\u00e9o et verrons quelques utilitaires pour une bonne gestion&#8230;<\/p>\n","protected":false},"author":1,"featured_media":0,"parent":0,"menu_order":0,"comment_status":"closed","ping_status":"closed","template":"","meta":{"_kadence_starter_templates_imported_post":false,"_kad_post_transparent":"","_kad_post_title":"","_kad_post_layout":"","_kad_post_sidebar_id":"","_kad_post_content_style":"","_kad_post_vertical_padding":"","_kad_post_feature":"","_kad_post_feature_position":"","_kad_post_header":false,"_kad_post_footer":false,"footnotes":""},"class_list":["post-41","page","type-page","status-publish","hentry"],"yoast_head":"<!-- This site is optimized with the Yoast SEO plugin v27.5 - https:\/\/yoast.com\/product\/yoast-seo-wordpress\/ -->\n<title>Multim\u00e9dia - Club informatique Laroque des Alb\u00e8res<\/title>\n<meta name=\"robots\" content=\"index, follow, max-snippet:-1, max-image-preview:large, max-video-preview:-1\" \/>\n<link rel=\"canonical\" href=\"https:\/\/club-informatique-laroque.fr\/index.php\/perfectionnement\/\" \/>\n<meta property=\"og:locale\" content=\"fr_FR\" \/>\n<meta property=\"og:type\" content=\"article\" \/>\n<meta property=\"og:title\" content=\"Multim\u00e9dia - Club informatique Laroque des Alb\u00e8res\" \/>\n<meta property=\"og:description\" content=\"Martine JUSTO Avec Jo\u00eble, Marie-Jo R., Dominique, Jean-Paul Lundi de 16h \u00e0 17h30 \u00ab\u00a0Les s\u00e9ances Multim\u00e9dia que j\u2019anime s\u2019adressent \u00e0 des personnes non d\u00e9butantes. Apr\u00e8s des g\u00e9n\u00e9ralit\u00e9s sur Windows comme la personnalisation d\u2019un compte utilisateur, nous cr\u00e9erons des cartes en ligne, des livres photos, des montages vid\u00e9o et verrons quelques utilitaires pour une bonne gestion...\" \/>\n<meta property=\"og:url\" content=\"https:\/\/club-informatique-laroque.fr\/index.php\/perfectionnement\/\" \/>\n<meta property=\"og:site_name\" content=\"Club informatique Laroque des Alb\u00e8res\" \/>\n<meta property=\"article:modified_time\" content=\"2024-09-30T14:50:24+00:00\" \/>\n<meta property=\"og:image\" content=\"https:\/\/club-informatique-laroque.fr\/wp-content\/uploads\/2024\/01\/IMG_3941-2.jpg\" \/>\n<meta name=\"twitter:card\" content=\"summary_large_image\" \/>\n<meta name=\"twitter:label1\" content=\"Dur\u00e9e de lecture estim\u00e9e\" \/>\n\t<meta name=\"twitter:data1\" content=\"1 minute\" \/>\n<script type=\"application\/ld+json\" class=\"yoast-schema-graph\">{\"@context\":\"https:\\\/\\\/schema.org\",\"@graph\":[{\"@type\":\"WebPage\",\"@id\":\"https:\\\/\\\/club-informatique-laroque.fr\\\/index.php\\\/perfectionnement\\\/\",\"url\":\"https:\\\/\\\/club-informatique-laroque.fr\\\/index.php\\\/perfectionnement\\\/\",\"name\":\"Multim\u00e9dia - Club informatique Laroque des Alb\u00e8res\",\"isPartOf\":{\"@id\":\"https:\\\/\\\/club-informatique-laroque.fr\\\/#website\"},\"primaryImageOfPage\":{\"@id\":\"https:\\\/\\\/club-informatique-laroque.fr\\\/index.php\\\/perfectionnement\\\/#primaryimage\"},\"image\":{\"@id\":\"https:\\\/\\\/club-informatique-laroque.fr\\\/index.php\\\/perfectionnement\\\/#primaryimage\"},\"thumbnailUrl\":\"https:\\\/\\\/club-informatique-laroque.fr\\\/wp-content\\\/uploads\\\/2024\\\/01\\\/IMG_3941-2.jpg\",\"datePublished\":\"2023-12-26T13:18:51+00:00\",\"dateModified\":\"2024-09-30T14:50:24+00:00\",\"breadcrumb\":{\"@id\":\"https:\\\/\\\/club-informatique-laroque.fr\\\/index.php\\\/perfectionnement\\\/#breadcrumb\"},\"inLanguage\":\"fr-FR\",\"potentialAction\":[{\"@type\":\"ReadAction\",\"target\":[\"https:\\\/\\\/club-informatique-laroque.fr\\\/index.php\\\/perfectionnement\\\/\"]}]},{\"@type\":\"ImageObject\",\"inLanguage\":\"fr-FR\",\"@id\":\"https:\\\/\\\/club-informatique-laroque.fr\\\/index.php\\\/perfectionnement\\\/#primaryimage\",\"url\":\"https:\\\/\\\/club-informatique-laroque.fr\\\/wp-content\\\/uploads\\\/2024\\\/01\\\/IMG_3941-2.jpg\",\"contentUrl\":\"https:\\\/\\\/club-informatique-laroque.fr\\\/wp-content\\\/uploads\\\/2024\\\/01\\\/IMG_3941-2.jpg\",\"width\":142,\"height\":213,\"caption\":\"Martine JUSTO Pr\u00e9sidente Animatrice\"},{\"@type\":\"BreadcrumbList\",\"@id\":\"https:\\\/\\\/club-informatique-laroque.fr\\\/index.php\\\/perfectionnement\\\/#breadcrumb\",\"itemListElement\":[{\"@type\":\"ListItem\",\"position\":1,\"name\":\"Accueil\",\"item\":\"https:\\\/\\\/club-informatique-laroque.fr\\\/\"},{\"@type\":\"ListItem\",\"position\":2,\"name\":\"Multim\u00e9dia\"}]},{\"@type\":\"WebSite\",\"@id\":\"https:\\\/\\\/club-informatique-laroque.fr\\\/#website\",\"url\":\"https:\\\/\\\/club-informatique-laroque.fr\\\/\",\"name\":\"Club informatique Laroque des Alb\u00e8res\",\"description\":\"\",\"publisher\":{\"@id\":\"https:\\\/\\\/club-informatique-laroque.fr\\\/#organization\"},\"potentialAction\":[{\"@type\":\"SearchAction\",\"target\":{\"@type\":\"EntryPoint\",\"urlTemplate\":\"https:\\\/\\\/club-informatique-laroque.fr\\\/?s={search_term_string}\"},\"query-input\":{\"@type\":\"PropertyValueSpecification\",\"valueRequired\":true,\"valueName\":\"search_term_string\"}}],\"inLanguage\":\"fr-FR\"},{\"@type\":\"Organization\",\"@id\":\"https:\\\/\\\/club-informatique-laroque.fr\\\/#organization\",\"name\":\"Club informatique Laroque des Alb\u00e8res\",\"url\":\"https:\\\/\\\/club-informatique-laroque.fr\\\/\",\"logo\":{\"@type\":\"ImageObject\",\"inLanguage\":\"fr-FR\",\"@id\":\"https:\\\/\\\/club-informatique-laroque.fr\\\/#\\\/schema\\\/logo\\\/image\\\/\",\"url\":\"https:\\\/\\\/club-informatique-laroque.fr\\\/wp-content\\\/uploads\\\/2023\\\/12\\\/xq7mc46h.jpg\",\"contentUrl\":\"https:\\\/\\\/club-informatique-laroque.fr\\\/wp-content\\\/uploads\\\/2023\\\/12\\\/xq7mc46h.jpg\",\"width\":98,\"height\":80,\"caption\":\"Club informatique Laroque des Alb\u00e8res\"},\"image\":{\"@id\":\"https:\\\/\\\/club-informatique-laroque.fr\\\/#\\\/schema\\\/logo\\\/image\\\/\"}}]}<\/script>\n<!-- \/ Yoast SEO plugin. -->","yoast_head_json":{"title":"Multim\u00e9dia - Club informatique Laroque des Alb\u00e8res","robots":{"index":"index","follow":"follow","max-snippet":"max-snippet:-1","max-image-preview":"max-image-preview:large","max-video-preview":"max-video-preview:-1"},"canonical":"https:\/\/club-informatique-laroque.fr\/index.php\/perfectionnement\/","og_locale":"fr_FR","og_type":"article","og_title":"Multim\u00e9dia - Club informatique Laroque des Alb\u00e8res","og_description":"Martine JUSTO Avec Jo\u00eble, Marie-Jo R., Dominique, Jean-Paul Lundi de 16h \u00e0 17h30 \u00ab\u00a0Les s\u00e9ances Multim\u00e9dia que j\u2019anime s\u2019adressent \u00e0 des personnes non d\u00e9butantes. Apr\u00e8s des g\u00e9n\u00e9ralit\u00e9s sur Windows comme la personnalisation d\u2019un compte utilisateur, nous cr\u00e9erons des cartes en ligne, des livres photos, des montages vid\u00e9o et verrons quelques utilitaires pour une bonne gestion...","og_url":"https:\/\/club-informatique-laroque.fr\/index.php\/perfectionnement\/","og_site_name":"Club informatique Laroque des Alb\u00e8res","article_modified_time":"2024-09-30T14:50:24+00:00","og_image":[{"url":"https:\/\/club-informatique-laroque.fr\/wp-content\/uploads\/2024\/01\/IMG_3941-2.jpg","type":"","width":"","height":""}],"twitter_card":"summary_large_image","twitter_misc":{"Dur\u00e9e de lecture estim\u00e9e":"1 minute"},"schema":{"@context":"https:\/\/schema.org","@graph":[{"@type":"WebPage","@id":"https:\/\/club-informatique-laroque.fr\/index.php\/perfectionnement\/","url":"https:\/\/club-informatique-laroque.fr\/index.php\/perfectionnement\/","name":"Multim\u00e9dia - Club informatique Laroque des Alb\u00e8res","isPartOf":{"@id":"https:\/\/club-informatique-laroque.fr\/#website"},"primaryImageOfPage":{"@id":"https:\/\/club-informatique-laroque.fr\/index.php\/perfectionnement\/#primaryimage"},"image":{"@id":"https:\/\/club-informatique-laroque.fr\/index.php\/perfectionnement\/#primaryimage"},"thumbnailUrl":"https:\/\/club-informatique-laroque.fr\/wp-content\/uploads\/2024\/01\/IMG_3941-2.jpg","datePublished":"2023-12-26T13:18:51+00:00","dateModified":"2024-09-30T14:50:24+00:00","breadcrumb":{"@id":"https:\/\/club-informatique-laroque.fr\/index.php\/perfectionnement\/#breadcrumb"},"inLanguage":"fr-FR","potentialAction":[{"@type":"ReadAction","target":["https:\/\/club-informatique-laroque.fr\/index.php\/perfectionnement\/"]}]},{"@type":"ImageObject","inLanguage":"fr-FR","@id":"https:\/\/club-informatique-laroque.fr\/index.php\/perfectionnement\/#primaryimage","url":"https:\/\/club-informatique-laroque.fr\/wp-content\/uploads\/2024\/01\/IMG_3941-2.jpg","contentUrl":"https:\/\/club-informatique-laroque.fr\/wp-content\/uploads\/2024\/01\/IMG_3941-2.jpg","width":142,"height":213,"caption":"Martine JUSTO Pr\u00e9sidente Animatrice"},{"@type":"BreadcrumbList","@id":"https:\/\/club-informatique-laroque.fr\/index.php\/perfectionnement\/#breadcrumb","itemListElement":[{"@type":"ListItem","position":1,"name":"Accueil","item":"https:\/\/club-informatique-laroque.fr\/"},{"@type":"ListItem","position":2,"name":"Multim\u00e9dia"}]},{"@type":"WebSite","@id":"https:\/\/club-informatique-laroque.fr\/#website","url":"https:\/\/club-informatique-laroque.fr\/","name":"Club informatique Laroque des Alb\u00e8res","description":"","publisher":{"@id":"https:\/\/club-informatique-laroque.fr\/#organization"},"potentialAction":[{"@type":"SearchAction","target":{"@type":"EntryPoint","urlTemplate":"https:\/\/club-informatique-laroque.fr\/?s={search_term_string}"},"query-input":{"@type":"PropertyValueSpecification","valueRequired":true,"valueName":"search_term_string"}}],"inLanguage":"fr-FR"},{"@type":"Organization","@id":"https:\/\/club-informatique-laroque.fr\/#organization","name":"Club informatique Laroque des Alb\u00e8res","url":"https:\/\/club-informatique-laroque.fr\/","logo":{"@type":"ImageObject","inLanguage":"fr-FR","@id":"https:\/\/club-informatique-laroque.fr\/#\/schema\/logo\/image\/","url":"https:\/\/club-informatique-laroque.fr\/wp-content\/uploads\/2023\/12\/xq7mc46h.jpg","contentUrl":"https:\/\/club-informatique-laroque.fr\/wp-content\/uploads\/2023\/12\/xq7mc46h.jpg","width":98,"height":80,"caption":"Club informatique Laroque des Alb\u00e8res"},"image":{"@id":"https:\/\/club-informatique-laroque.fr\/#\/schema\/logo\/image\/"}}]}},"_links":{"self":[{"href":"https:\/\/club-informatique-laroque.fr\/index.php\/wp-json\/wp\/v2\/pages\/41","targetHints":{"allow":["GET"]}}],"collection":[{"href":"https:\/\/club-informatique-laroque.fr\/index.php\/wp-json\/wp\/v2\/pages"}],"about":[{"href":"https:\/\/club-informatique-laroque.fr\/index.php\/wp-json\/wp\/v2\/types\/page"}],"author":[{"embeddable":true,"href":"https:\/\/club-informatique-laroque.fr\/index.php\/wp-json\/wp\/v2\/users\/1"}],"replies":[{"embeddable":true,"href":"https:\/\/club-informatique-laroque.fr\/index.php\/wp-json\/wp\/v2\/comments?post=41"}],"version-history":[{"count":15,"href":"https:\/\/club-informatique-laroque.fr\/index.php\/wp-json\/wp\/v2\/pages\/41\/revisions"}],"predecessor-version":[{"id":452,"href":"https:\/\/club-informatique-laroque.fr\/index.php\/wp-json\/wp\/v2\/pages\/41\/revisions\/452"}],"wp:attachment":[{"href":"https:\/\/club-informatique-laroque.fr\/index.php\/wp-json\/wp\/v2\/media?parent=41"}],"curies":[{"name":"wp","href":"https:\/\/api.w.org\/{rel}","templated":true}]}}