{"id":38,"date":"2023-12-26T14:14:14","date_gmt":"2023-12-26T13:14:14","guid":{"rendered":"http:\/\/localhost\/wordpress%20club_2\/?page_id=38"},"modified":"2025-09-03T16:56:35","modified_gmt":"2025-09-03T14:56:35","slug":"debutants","status":"publish","type":"page","link":"https:\/\/club-informatique-laroque.fr\/index.php\/debutants\/","title":{"rendered":"Perfectionnement"},"content":{"rendered":"\n<figure class=\"wp-block-image size-large is-resized\"><img decoding=\"async\" src=\"https:\/\/club-informatique-laroque.fr\/wp-content\/uploads\/2024\/01\/IMG_3945-2.jpg\" alt=\"Jo\u00eble DALLIES secr\u00e9taire-adjointe\" style=\"width:130px\"\/><\/figure>\n\n\n\n<div class=\"wp-block-group is-vertical is-nowrap is-layout-flex wp-container-core-group-is-layout-947ac36b wp-block-group-is-layout-flex\">\n<p><strong>Jo\u00eble\u202fDALLIES avec Catherine, les Marie-Jo, Monique et Dominique\u00a0<\/strong>\u00a0<\/p>\n\n\n\n<p><strong>Le lundi de 14H \u00e0 15H30<\/strong>&nbsp;<\/p>\n\n\n\n<p><strong>Ordinateur :&nbsp;<\/strong><\/p>\n\n\n\n<ul class=\"wp-block-list\">\n<li>Organisation du Bureau<\/li>\n\n\n\n<li>Explorateur\u202f: acc\u00e8s aux Fichiers, Documents, T\u00e9l\u00e9chargements internet <\/li>\n\n\n\n<li>Navigateurs&nbsp;<\/li>\n\n\n\n<li>Moteurs de recherche&nbsp;<\/li>\n\n\n\n<li>S\u00e9curit\u00e9&nbsp;&nbsp;<\/li>\n<\/ul>\n\n\n\n<p><strong>Tablettes et Smartphones:&nbsp;<\/strong><\/p>\n\n\n\n<ul class=\"wp-block-list\">\n<li>Mieux utiliser les fonctionnalit\u00e9s&nbsp;<\/li>\n\n\n\n<li>D\u00e9couvrir de nouvelles applications<\/li>\n\n\n\n<li>Transfert de photos<\/li>\n\n\n\n<li>Aide personnalis\u00e9e&nbsp;<\/li>\n<\/ul>\n\n\n\n<p><em>\u00ab\u00a0Que vous soyez d\u00e9butant ou avec quelques notions en informatique, ma s\u00e9ance a pour but de vous aider \u00e0 \u00eatre plus \u00e0 l\u2019aise dans vos rapports avec votre ordinateur.<br>En m\u2019adaptant \u00e0 votre rythme je vous aiderai dans vos besoins.<br>Nous aurons \u00e9galement l\u2019occasion de manipuler tablettes et smartphones pour en d\u00e9couvrir les nouvelles fonctionnalit\u00e9s.\u00a0\u00bb<\/em><\/p>\n\n\n\n<p><\/p>\n<\/div>\n","protected":false},"excerpt":{"rendered":"<p>Jo\u00eble\u202fDALLIES avec Catherine, les Marie-Jo, Monique et Dominique\u00a0\u00a0 Le lundi de 14H \u00e0 15H30&nbsp; Ordinateur :&nbsp; Tablettes et Smartphones:&nbsp; \u00ab\u00a0Que vous soyez d\u00e9butant ou avec quelques notions en informatique, ma s\u00e9ance a pour but de vous aider \u00e0 \u00eatre plus \u00e0 l\u2019aise dans vos rapports avec votre ordinateur.En m\u2019adaptant \u00e0 votre rythme je vous aiderai&#8230;<\/p>\n","protected":false},"author":1,"featured_media":0,"parent":0,"menu_order":0,"comment_status":"closed","ping_status":"closed","template":"","meta":{"_kadence_starter_templates_imported_post":false,"_kad_post_transparent":"","_kad_post_title":"","_kad_post_layout":"","_kad_post_sidebar_id":"","_kad_post_content_style":"","_kad_post_vertical_padding":"","_kad_post_feature":"","_kad_post_feature_position":"","_kad_post_header":false,"_kad_post_footer":false,"footnotes":""},"class_list":["post-38","page","type-page","status-publish","hentry"],"yoast_head":"<!-- This site is optimized with the Yoast SEO plugin v27.5 - https:\/\/yoast.com\/product\/yoast-seo-wordpress\/ -->\n<title>Perfectionnement - Club informatique Laroque des Alb\u00e8res<\/title>\n<meta name=\"robots\" content=\"index, follow, max-snippet:-1, max-image-preview:large, max-video-preview:-1\" \/>\n<link rel=\"canonical\" href=\"https:\/\/club-informatique-laroque.fr\/index.php\/debutants\/\" \/>\n<meta property=\"og:locale\" content=\"fr_FR\" \/>\n<meta property=\"og:type\" content=\"article\" \/>\n<meta property=\"og:title\" content=\"Perfectionnement - Club informatique Laroque des Alb\u00e8res\" \/>\n<meta property=\"og:description\" content=\"Jo\u00eble\u202fDALLIES avec Catherine, les Marie-Jo, Monique et Dominique\u00a0\u00a0 Le lundi de 14H \u00e0 15H30&nbsp; Ordinateur :&nbsp; Tablettes et Smartphones:&nbsp; \u00ab\u00a0Que vous soyez d\u00e9butant ou avec quelques notions en informatique, ma s\u00e9ance a pour but de vous aider \u00e0 \u00eatre plus \u00e0 l\u2019aise dans vos rapports avec votre ordinateur.En m\u2019adaptant \u00e0 votre rythme je vous aiderai...\" \/>\n<meta property=\"og:url\" content=\"https:\/\/club-informatique-laroque.fr\/index.php\/debutants\/\" \/>\n<meta property=\"og:site_name\" content=\"Club informatique Laroque des Alb\u00e8res\" \/>\n<meta property=\"article:modified_time\" content=\"2025-09-03T14:56:35+00:00\" \/>\n<meta property=\"og:image\" content=\"https:\/\/club-informatique-laroque.fr\/wp-content\/uploads\/2024\/01\/IMG_3945-2.jpg\" \/>\n<meta name=\"twitter:card\" content=\"summary_large_image\" \/>\n<meta name=\"twitter:label1\" content=\"Dur\u00e9e de lecture estim\u00e9e\" \/>\n\t<meta name=\"twitter:data1\" content=\"1 minute\" \/>\n<script type=\"application\/ld+json\" class=\"yoast-schema-graph\">{\"@context\":\"https:\\\/\\\/schema.org\",\"@graph\":[{\"@type\":\"WebPage\",\"@id\":\"https:\\\/\\\/club-informatique-laroque.fr\\\/index.php\\\/debutants\\\/\",\"url\":\"https:\\\/\\\/club-informatique-laroque.fr\\\/index.php\\\/debutants\\\/\",\"name\":\"Perfectionnement - Club informatique Laroque des Alb\u00e8res\",\"isPartOf\":{\"@id\":\"https:\\\/\\\/club-informatique-laroque.fr\\\/#website\"},\"primaryImageOfPage\":{\"@id\":\"https:\\\/\\\/club-informatique-laroque.fr\\\/index.php\\\/debutants\\\/#primaryimage\"},\"image\":{\"@id\":\"https:\\\/\\\/club-informatique-laroque.fr\\\/index.php\\\/debutants\\\/#primaryimage\"},\"thumbnailUrl\":\"https:\\\/\\\/club-informatique-laroque.fr\\\/wp-content\\\/uploads\\\/2024\\\/01\\\/IMG_3945-2.jpg\",\"datePublished\":\"2023-12-26T13:14:14+00:00\",\"dateModified\":\"2025-09-03T14:56:35+00:00\",\"breadcrumb\":{\"@id\":\"https:\\\/\\\/club-informatique-laroque.fr\\\/index.php\\\/debutants\\\/#breadcrumb\"},\"inLanguage\":\"fr-FR\",\"potentialAction\":[{\"@type\":\"ReadAction\",\"target\":[\"https:\\\/\\\/club-informatique-laroque.fr\\\/index.php\\\/debutants\\\/\"]}]},{\"@type\":\"ImageObject\",\"inLanguage\":\"fr-FR\",\"@id\":\"https:\\\/\\\/club-informatique-laroque.fr\\\/index.php\\\/debutants\\\/#primaryimage\",\"url\":\"https:\\\/\\\/club-informatique-laroque.fr\\\/wp-content\\\/uploads\\\/2024\\\/01\\\/IMG_3945-2.jpg\",\"contentUrl\":\"https:\\\/\\\/club-informatique-laroque.fr\\\/wp-content\\\/uploads\\\/2024\\\/01\\\/IMG_3945-2.jpg\",\"width\":142,\"height\":213,\"caption\":\"Jo\u00eble DALLIES secr\u00e9taire-adjointe\"},{\"@type\":\"BreadcrumbList\",\"@id\":\"https:\\\/\\\/club-informatique-laroque.fr\\\/index.php\\\/debutants\\\/#breadcrumb\",\"itemListElement\":[{\"@type\":\"ListItem\",\"position\":1,\"name\":\"Accueil\",\"item\":\"https:\\\/\\\/club-informatique-laroque.fr\\\/\"},{\"@type\":\"ListItem\",\"position\":2,\"name\":\"Perfectionnement\"}]},{\"@type\":\"WebSite\",\"@id\":\"https:\\\/\\\/club-informatique-laroque.fr\\\/#website\",\"url\":\"https:\\\/\\\/club-informatique-laroque.fr\\\/\",\"name\":\"Club informatique Laroque des Alb\u00e8res\",\"description\":\"\",\"publisher\":{\"@id\":\"https:\\\/\\\/club-informatique-laroque.fr\\\/#organization\"},\"potentialAction\":[{\"@type\":\"SearchAction\",\"target\":{\"@type\":\"EntryPoint\",\"urlTemplate\":\"https:\\\/\\\/club-informatique-laroque.fr\\\/?s={search_term_string}\"},\"query-input\":{\"@type\":\"PropertyValueSpecification\",\"valueRequired\":true,\"valueName\":\"search_term_string\"}}],\"inLanguage\":\"fr-FR\"},{\"@type\":\"Organization\",\"@id\":\"https:\\\/\\\/club-informatique-laroque.fr\\\/#organization\",\"name\":\"Club informatique Laroque des Alb\u00e8res\",\"url\":\"https:\\\/\\\/club-informatique-laroque.fr\\\/\",\"logo\":{\"@type\":\"ImageObject\",\"inLanguage\":\"fr-FR\",\"@id\":\"https:\\\/\\\/club-informatique-laroque.fr\\\/#\\\/schema\\\/logo\\\/image\\\/\",\"url\":\"https:\\\/\\\/club-informatique-laroque.fr\\\/wp-content\\\/uploads\\\/2023\\\/12\\\/xq7mc46h.jpg\",\"contentUrl\":\"https:\\\/\\\/club-informatique-laroque.fr\\\/wp-content\\\/uploads\\\/2023\\\/12\\\/xq7mc46h.jpg\",\"width\":98,\"height\":80,\"caption\":\"Club informatique Laroque des Alb\u00e8res\"},\"image\":{\"@id\":\"https:\\\/\\\/club-informatique-laroque.fr\\\/#\\\/schema\\\/logo\\\/image\\\/\"}}]}<\/script>\n<!-- \/ Yoast SEO plugin. -->","yoast_head_json":{"title":"Perfectionnement - Club informatique Laroque des Alb\u00e8res","robots":{"index":"index","follow":"follow","max-snippet":"max-snippet:-1","max-image-preview":"max-image-preview:large","max-video-preview":"max-video-preview:-1"},"canonical":"https:\/\/club-informatique-laroque.fr\/index.php\/debutants\/","og_locale":"fr_FR","og_type":"article","og_title":"Perfectionnement - Club informatique Laroque des Alb\u00e8res","og_description":"Jo\u00eble\u202fDALLIES avec Catherine, les Marie-Jo, Monique et Dominique\u00a0\u00a0 Le lundi de 14H \u00e0 15H30&nbsp; Ordinateur :&nbsp; Tablettes et Smartphones:&nbsp; \u00ab\u00a0Que vous soyez d\u00e9butant ou avec quelques notions en informatique, ma s\u00e9ance a pour but de vous aider \u00e0 \u00eatre plus \u00e0 l\u2019aise dans vos rapports avec votre ordinateur.En m\u2019adaptant \u00e0 votre rythme je vous aiderai...","og_url":"https:\/\/club-informatique-laroque.fr\/index.php\/debutants\/","og_site_name":"Club informatique Laroque des Alb\u00e8res","article_modified_time":"2025-09-03T14:56:35+00:00","og_image":[{"url":"https:\/\/club-informatique-laroque.fr\/wp-content\/uploads\/2024\/01\/IMG_3945-2.jpg","type":"","width":"","height":""}],"twitter_card":"summary_large_image","twitter_misc":{"Dur\u00e9e de lecture estim\u00e9e":"1 minute"},"schema":{"@context":"https:\/\/schema.org","@graph":[{"@type":"WebPage","@id":"https:\/\/club-informatique-laroque.fr\/index.php\/debutants\/","url":"https:\/\/club-informatique-laroque.fr\/index.php\/debutants\/","name":"Perfectionnement - Club informatique Laroque des Alb\u00e8res","isPartOf":{"@id":"https:\/\/club-informatique-laroque.fr\/#website"},"primaryImageOfPage":{"@id":"https:\/\/club-informatique-laroque.fr\/index.php\/debutants\/#primaryimage"},"image":{"@id":"https:\/\/club-informatique-laroque.fr\/index.php\/debutants\/#primaryimage"},"thumbnailUrl":"https:\/\/club-informatique-laroque.fr\/wp-content\/uploads\/2024\/01\/IMG_3945-2.jpg","datePublished":"2023-12-26T13:14:14+00:00","dateModified":"2025-09-03T14:56:35+00:00","breadcrumb":{"@id":"https:\/\/club-informatique-laroque.fr\/index.php\/debutants\/#breadcrumb"},"inLanguage":"fr-FR","potentialAction":[{"@type":"ReadAction","target":["https:\/\/club-informatique-laroque.fr\/index.php\/debutants\/"]}]},{"@type":"ImageObject","inLanguage":"fr-FR","@id":"https:\/\/club-informatique-laroque.fr\/index.php\/debutants\/#primaryimage","url":"https:\/\/club-informatique-laroque.fr\/wp-content\/uploads\/2024\/01\/IMG_3945-2.jpg","contentUrl":"https:\/\/club-informatique-laroque.fr\/wp-content\/uploads\/2024\/01\/IMG_3945-2.jpg","width":142,"height":213,"caption":"Jo\u00eble DALLIES secr\u00e9taire-adjointe"},{"@type":"BreadcrumbList","@id":"https:\/\/club-informatique-laroque.fr\/index.php\/debutants\/#breadcrumb","itemListElement":[{"@type":"ListItem","position":1,"name":"Accueil","item":"https:\/\/club-informatique-laroque.fr\/"},{"@type":"ListItem","position":2,"name":"Perfectionnement"}]},{"@type":"WebSite","@id":"https:\/\/club-informatique-laroque.fr\/#website","url":"https:\/\/club-informatique-laroque.fr\/","name":"Club informatique Laroque des Alb\u00e8res","description":"","publisher":{"@id":"https:\/\/club-informatique-laroque.fr\/#organization"},"potentialAction":[{"@type":"SearchAction","target":{"@type":"EntryPoint","urlTemplate":"https:\/\/club-informatique-laroque.fr\/?s={search_term_string}"},"query-input":{"@type":"PropertyValueSpecification","valueRequired":true,"valueName":"search_term_string"}}],"inLanguage":"fr-FR"},{"@type":"Organization","@id":"https:\/\/club-informatique-laroque.fr\/#organization","name":"Club informatique Laroque des Alb\u00e8res","url":"https:\/\/club-informatique-laroque.fr\/","logo":{"@type":"ImageObject","inLanguage":"fr-FR","@id":"https:\/\/club-informatique-laroque.fr\/#\/schema\/logo\/image\/","url":"https:\/\/club-informatique-laroque.fr\/wp-content\/uploads\/2023\/12\/xq7mc46h.jpg","contentUrl":"https:\/\/club-informatique-laroque.fr\/wp-content\/uploads\/2023\/12\/xq7mc46h.jpg","width":98,"height":80,"caption":"Club informatique Laroque des Alb\u00e8res"},"image":{"@id":"https:\/\/club-informatique-laroque.fr\/#\/schema\/logo\/image\/"}}]}},"_links":{"self":[{"href":"https:\/\/club-informatique-laroque.fr\/index.php\/wp-json\/wp\/v2\/pages\/38","targetHints":{"allow":["GET"]}}],"collection":[{"href":"https:\/\/club-informatique-laroque.fr\/index.php\/wp-json\/wp\/v2\/pages"}],"about":[{"href":"https:\/\/club-informatique-laroque.fr\/index.php\/wp-json\/wp\/v2\/types\/page"}],"author":[{"embeddable":true,"href":"https:\/\/club-informatique-laroque.fr\/index.php\/wp-json\/wp\/v2\/users\/1"}],"replies":[{"embeddable":true,"href":"https:\/\/club-informatique-laroque.fr\/index.php\/wp-json\/wp\/v2\/comments?post=38"}],"version-history":[{"count":19,"href":"https:\/\/club-informatique-laroque.fr\/index.php\/wp-json\/wp\/v2\/pages\/38\/revisions"}],"predecessor-version":[{"id":534,"href":"https:\/\/club-informatique-laroque.fr\/index.php\/wp-json\/wp\/v2\/pages\/38\/revisions\/534"}],"wp:attachment":[{"href":"https:\/\/club-informatique-laroque.fr\/index.php\/wp-json\/wp\/v2\/media?parent=38"}],"curies":[{"name":"wp","href":"https:\/\/api.w.org\/{rel}","templated":true}]}}