{"id":30,"date":"2023-12-26T13:05:26","date_gmt":"2023-12-26T12:05:26","guid":{"rendered":"http:\/\/localhost\/wordpress%20club_2\/?page_id=30"},"modified":"2026-01-28T10:48:51","modified_gmt":"2026-01-28T09:48:51","slug":"presentation","status":"publish","type":"page","link":"https:\/\/club-informatique-laroque.fr\/","title":{"rendered":"Accueil"},"content":{"rendered":"\n<p>Dans une ambiance conviviale et d\u00e9contract\u00e9e, le club vous propose diverses s\u00e9ances de d\u00e9couverte du monde de la micro-informatique. Que vous soyez d\u00e9butant ou plus averti, venez nous rejoindre pour ma\u00eetriser clavier et souris, g\u00e9rer la s\u00e9curit\u00e9, surfer sur Internet en toute confiance, \u00e9viter les dangers des hame\u00e7onnages, ma\u00eetriser votre messagerie, retoucher vos photos, g\u00e9rer votre musique, g\u00e9n\u00e9rer un diaporama ou un film, utiliser divers outils, \u2026&nbsp;<\/p>\n\n\n\n<p>Des s\u00e9ances seront aussi d\u00e9di\u00e9es aux tablettes et smartphones. D\u2019autres vous permettront de retrouver vos anc\u00eatres avec des logiciels de G\u00e9n\u00e9alogie.&nbsp;<\/p>\n\n\n\n<p>Nous explorons \u00e9galement le domaine de l\u2019intelligence artificielle \u00e0 travers la d\u00e9couverte de <strong>ChatGPT, Mistral, Gemini et Copilot<\/strong>, et des nombreuses possibilit\u00e9s qu\u2019ils offrent aux particuliers. Ce sujet suscite un vif int\u00e9r\u00eat parmi nos adh\u00e9rents.<\/p>\n\n\n\n<p>Nos sessions, toutes anim\u00e9es par des b\u00e9n\u00e9voles, durent 1h30, par groupe de maximum 16 personnes, dans une salle d\u00e9di\u00e9e et enti\u00e8rement \u00e9quip\u00e9e d\u2019ordinateurs en Windows 11.<\/p>\n\n\n\n<p class=\"has-text-align-center\">Martine Justo<br>Pr\u00e9sidente<\/p>\n\n\n\n<figure class=\"wp-block-table aligncenter is-style-regular tableau-logo\"><table><tbody><tr><td><img decoding=\"async\" width=\"150\" height=\"90\" class=\"wp-image-246\" style=\"width: 150px;\" src=\"https:\/\/club-informatique-laroque.fr\/wp-content\/uploads\/2024\/03\/CIRLogo.png\" alt=\"\" srcset=\"https:\/\/club-informatique-laroque.fr\/wp-content\/uploads\/2024\/03\/CIRLogo.png 453w, https:\/\/club-informatique-laroque.fr\/wp-content\/uploads\/2024\/03\/CIRLogo-300x180.png 300w\" sizes=\"(max-width: 150px) 100vw, 150px\" \/><\/td><td><a href=\"https:\/\/www.facebook.com\/cir.laroque.7\" target=\"_blank\" rel=\"noreferrer noopener\"><img decoding=\"async\" width=\"57\" height=\"56\" class=\"wp-image-243\" style=\"width: 57px;\" src=\"https:\/\/club-informatique-laroque.fr\/wp-content\/uploads\/2024\/03\/Logo-facebook-2cm.jpg\" alt=\"\"><\/a><\/td><\/tr><\/tbody><\/table><\/figure>\n\n\n\n<p><\/p>\n\n\n\n<p><\/p>\n","protected":false},"excerpt":{"rendered":"<p>Dans une ambiance conviviale et d\u00e9contract\u00e9e, le club vous propose diverses s\u00e9ances de d\u00e9couverte du monde de la micro-informatique. Que vous soyez d\u00e9butant ou plus averti, venez nous rejoindre pour ma\u00eetriser clavier et souris, g\u00e9rer la s\u00e9curit\u00e9, surfer sur Internet en toute confiance, \u00e9viter les dangers des hame\u00e7onnages, ma\u00eetriser votre messagerie, retoucher vos photos, g\u00e9rer&#8230;<\/p>\n","protected":false},"author":1,"featured_media":0,"parent":0,"menu_order":0,"comment_status":"closed","ping_status":"closed","template":"","meta":{"_kadence_starter_templates_imported_post":false,"_kad_post_transparent":"","_kad_post_title":"","_kad_post_layout":"","_kad_post_sidebar_id":"","_kad_post_content_style":"","_kad_post_vertical_padding":"","_kad_post_feature":"","_kad_post_feature_position":"","_kad_post_header":false,"_kad_post_footer":false,"footnotes":""},"class_list":["post-30","page","type-page","status-publish","hentry"],"yoast_head":"<!-- This site is optimized with the Yoast SEO plugin v27.5 - https:\/\/yoast.com\/product\/yoast-seo-wordpress\/ -->\n<title>Accueil - Club informatique Laroque des Alb\u00e8res<\/title>\n<meta name=\"robots\" content=\"index, follow, max-snippet:-1, max-image-preview:large, max-video-preview:-1\" \/>\n<link rel=\"canonical\" href=\"https:\/\/club-informatique-laroque.fr\/\" \/>\n<meta property=\"og:locale\" content=\"fr_FR\" \/>\n<meta property=\"og:type\" content=\"article\" \/>\n<meta property=\"og:title\" content=\"Accueil - Club informatique Laroque des Alb\u00e8res\" \/>\n<meta property=\"og:description\" content=\"Dans une ambiance conviviale et d\u00e9contract\u00e9e, le club vous propose diverses s\u00e9ances de d\u00e9couverte du monde de la micro-informatique. Que vous soyez d\u00e9butant ou plus averti, venez nous rejoindre pour ma\u00eetriser clavier et souris, g\u00e9rer la s\u00e9curit\u00e9, surfer sur Internet en toute confiance, \u00e9viter les dangers des hame\u00e7onnages, ma\u00eetriser votre messagerie, retoucher vos photos, g\u00e9rer...\" \/>\n<meta property=\"og:url\" content=\"https:\/\/club-informatique-laroque.fr\/\" \/>\n<meta property=\"og:site_name\" content=\"Club informatique Laroque des Alb\u00e8res\" \/>\n<meta property=\"article:modified_time\" content=\"2026-01-28T09:48:51+00:00\" \/>\n<meta property=\"og:image\" content=\"https:\/\/club-informatique-laroque.fr\/wp-content\/uploads\/2024\/03\/CIRLogo.png\" \/>\n\t<meta property=\"og:image:width\" content=\"453\" \/>\n\t<meta property=\"og:image:height\" content=\"272\" \/>\n\t<meta property=\"og:image:type\" content=\"image\/png\" \/>\n<meta name=\"twitter:card\" content=\"summary_large_image\" \/>\n<meta name=\"twitter:label1\" content=\"Dur\u00e9e de lecture estim\u00e9e\" \/>\n\t<meta name=\"twitter:data1\" content=\"2 minutes\" \/>\n<script type=\"application\/ld+json\" class=\"yoast-schema-graph\">{\"@context\":\"https:\\\/\\\/schema.org\",\"@graph\":[{\"@type\":\"WebPage\",\"@id\":\"https:\\\/\\\/club-informatique-laroque.fr\\\/\",\"url\":\"https:\\\/\\\/club-informatique-laroque.fr\\\/\",\"name\":\"Accueil - Club informatique Laroque des Alb\u00e8res\",\"isPartOf\":{\"@id\":\"https:\\\/\\\/club-informatique-laroque.fr\\\/#website\"},\"primaryImageOfPage\":{\"@id\":\"https:\\\/\\\/club-informatique-laroque.fr\\\/#primaryimage\"},\"image\":{\"@id\":\"https:\\\/\\\/club-informatique-laroque.fr\\\/#primaryimage\"},\"thumbnailUrl\":\"https:\\\/\\\/club-informatique-laroque.fr\\\/wp-content\\\/uploads\\\/2024\\\/03\\\/CIRLogo.png\",\"datePublished\":\"2023-12-26T12:05:26+00:00\",\"dateModified\":\"2026-01-28T09:48:51+00:00\",\"breadcrumb\":{\"@id\":\"https:\\\/\\\/club-informatique-laroque.fr\\\/#breadcrumb\"},\"inLanguage\":\"fr-FR\",\"potentialAction\":[{\"@type\":\"ReadAction\",\"target\":[\"https:\\\/\\\/club-informatique-laroque.fr\\\/\"]}]},{\"@type\":\"ImageObject\",\"inLanguage\":\"fr-FR\",\"@id\":\"https:\\\/\\\/club-informatique-laroque.fr\\\/#primaryimage\",\"url\":\"https:\\\/\\\/club-informatique-laroque.fr\\\/wp-content\\\/uploads\\\/2024\\\/03\\\/CIRLogo.png\",\"contentUrl\":\"https:\\\/\\\/club-informatique-laroque.fr\\\/wp-content\\\/uploads\\\/2024\\\/03\\\/CIRLogo.png\",\"width\":453,\"height\":272},{\"@type\":\"BreadcrumbList\",\"@id\":\"https:\\\/\\\/club-informatique-laroque.fr\\\/#breadcrumb\",\"itemListElement\":[{\"@type\":\"ListItem\",\"position\":1,\"name\":\"Accueil\",\"item\":\"https:\\\/\\\/club-informatique-laroque.fr\\\/\"},{\"@type\":\"ListItem\",\"position\":2,\"name\":\"Accueil\"}]},{\"@type\":\"WebSite\",\"@id\":\"https:\\\/\\\/club-informatique-laroque.fr\\\/#website\",\"url\":\"https:\\\/\\\/club-informatique-laroque.fr\\\/\",\"name\":\"Club informatique Laroque des Alb\u00e8res\",\"description\":\"\",\"publisher\":{\"@id\":\"https:\\\/\\\/club-informatique-laroque.fr\\\/#organization\"},\"potentialAction\":[{\"@type\":\"SearchAction\",\"target\":{\"@type\":\"EntryPoint\",\"urlTemplate\":\"https:\\\/\\\/club-informatique-laroque.fr\\\/?s={search_term_string}\"},\"query-input\":{\"@type\":\"PropertyValueSpecification\",\"valueRequired\":true,\"valueName\":\"search_term_string\"}}],\"inLanguage\":\"fr-FR\"},{\"@type\":\"Organization\",\"@id\":\"https:\\\/\\\/club-informatique-laroque.fr\\\/#organization\",\"name\":\"Club informatique Laroque des Alb\u00e8res\",\"url\":\"https:\\\/\\\/club-informatique-laroque.fr\\\/\",\"logo\":{\"@type\":\"ImageObject\",\"inLanguage\":\"fr-FR\",\"@id\":\"https:\\\/\\\/club-informatique-laroque.fr\\\/#\\\/schema\\\/logo\\\/image\\\/\",\"url\":\"https:\\\/\\\/club-informatique-laroque.fr\\\/wp-content\\\/uploads\\\/2023\\\/12\\\/xq7mc46h.jpg\",\"contentUrl\":\"https:\\\/\\\/club-informatique-laroque.fr\\\/wp-content\\\/uploads\\\/2023\\\/12\\\/xq7mc46h.jpg\",\"width\":98,\"height\":80,\"caption\":\"Club informatique Laroque des Alb\u00e8res\"},\"image\":{\"@id\":\"https:\\\/\\\/club-informatique-laroque.fr\\\/#\\\/schema\\\/logo\\\/image\\\/\"}}]}<\/script>\n<!-- \/ Yoast SEO plugin. -->","yoast_head_json":{"title":"Accueil - Club informatique Laroque des Alb\u00e8res","robots":{"index":"index","follow":"follow","max-snippet":"max-snippet:-1","max-image-preview":"max-image-preview:large","max-video-preview":"max-video-preview:-1"},"canonical":"https:\/\/club-informatique-laroque.fr\/","og_locale":"fr_FR","og_type":"article","og_title":"Accueil - Club informatique Laroque des Alb\u00e8res","og_description":"Dans une ambiance conviviale et d\u00e9contract\u00e9e, le club vous propose diverses s\u00e9ances de d\u00e9couverte du monde de la micro-informatique. Que vous soyez d\u00e9butant ou plus averti, venez nous rejoindre pour ma\u00eetriser clavier et souris, g\u00e9rer la s\u00e9curit\u00e9, surfer sur Internet en toute confiance, \u00e9viter les dangers des hame\u00e7onnages, ma\u00eetriser votre messagerie, retoucher vos photos, g\u00e9rer...","og_url":"https:\/\/club-informatique-laroque.fr\/","og_site_name":"Club informatique Laroque des Alb\u00e8res","article_modified_time":"2026-01-28T09:48:51+00:00","og_image":[{"width":453,"height":272,"url":"https:\/\/club-informatique-laroque.fr\/wp-content\/uploads\/2024\/03\/CIRLogo.png","type":"image\/png"}],"twitter_card":"summary_large_image","twitter_misc":{"Dur\u00e9e de lecture estim\u00e9e":"2 minutes"},"schema":{"@context":"https:\/\/schema.org","@graph":[{"@type":"WebPage","@id":"https:\/\/club-informatique-laroque.fr\/","url":"https:\/\/club-informatique-laroque.fr\/","name":"Accueil - Club informatique Laroque des Alb\u00e8res","isPartOf":{"@id":"https:\/\/club-informatique-laroque.fr\/#website"},"primaryImageOfPage":{"@id":"https:\/\/club-informatique-laroque.fr\/#primaryimage"},"image":{"@id":"https:\/\/club-informatique-laroque.fr\/#primaryimage"},"thumbnailUrl":"https:\/\/club-informatique-laroque.fr\/wp-content\/uploads\/2024\/03\/CIRLogo.png","datePublished":"2023-12-26T12:05:26+00:00","dateModified":"2026-01-28T09:48:51+00:00","breadcrumb":{"@id":"https:\/\/club-informatique-laroque.fr\/#breadcrumb"},"inLanguage":"fr-FR","potentialAction":[{"@type":"ReadAction","target":["https:\/\/club-informatique-laroque.fr\/"]}]},{"@type":"ImageObject","inLanguage":"fr-FR","@id":"https:\/\/club-informatique-laroque.fr\/#primaryimage","url":"https:\/\/club-informatique-laroque.fr\/wp-content\/uploads\/2024\/03\/CIRLogo.png","contentUrl":"https:\/\/club-informatique-laroque.fr\/wp-content\/uploads\/2024\/03\/CIRLogo.png","width":453,"height":272},{"@type":"BreadcrumbList","@id":"https:\/\/club-informatique-laroque.fr\/#breadcrumb","itemListElement":[{"@type":"ListItem","position":1,"name":"Accueil","item":"https:\/\/club-informatique-laroque.fr\/"},{"@type":"ListItem","position":2,"name":"Accueil"}]},{"@type":"WebSite","@id":"https:\/\/club-informatique-laroque.fr\/#website","url":"https:\/\/club-informatique-laroque.fr\/","name":"Club informatique Laroque des Alb\u00e8res","description":"","publisher":{"@id":"https:\/\/club-informatique-laroque.fr\/#organization"},"potentialAction":[{"@type":"SearchAction","target":{"@type":"EntryPoint","urlTemplate":"https:\/\/club-informatique-laroque.fr\/?s={search_term_string}"},"query-input":{"@type":"PropertyValueSpecification","valueRequired":true,"valueName":"search_term_string"}}],"inLanguage":"fr-FR"},{"@type":"Organization","@id":"https:\/\/club-informatique-laroque.fr\/#organization","name":"Club informatique Laroque des Alb\u00e8res","url":"https:\/\/club-informatique-laroque.fr\/","logo":{"@type":"ImageObject","inLanguage":"fr-FR","@id":"https:\/\/club-informatique-laroque.fr\/#\/schema\/logo\/image\/","url":"https:\/\/club-informatique-laroque.fr\/wp-content\/uploads\/2023\/12\/xq7mc46h.jpg","contentUrl":"https:\/\/club-informatique-laroque.fr\/wp-content\/uploads\/2023\/12\/xq7mc46h.jpg","width":98,"height":80,"caption":"Club informatique Laroque des Alb\u00e8res"},"image":{"@id":"https:\/\/club-informatique-laroque.fr\/#\/schema\/logo\/image\/"}}]}},"_links":{"self":[{"href":"https:\/\/club-informatique-laroque.fr\/index.php\/wp-json\/wp\/v2\/pages\/30","targetHints":{"allow":["GET"]}}],"collection":[{"href":"https:\/\/club-informatique-laroque.fr\/index.php\/wp-json\/wp\/v2\/pages"}],"about":[{"href":"https:\/\/club-informatique-laroque.fr\/index.php\/wp-json\/wp\/v2\/types\/page"}],"author":[{"embeddable":true,"href":"https:\/\/club-informatique-laroque.fr\/index.php\/wp-json\/wp\/v2\/users\/1"}],"replies":[{"embeddable":true,"href":"https:\/\/club-informatique-laroque.fr\/index.php\/wp-json\/wp\/v2\/comments?post=30"}],"version-history":[{"count":39,"href":"https:\/\/club-informatique-laroque.fr\/index.php\/wp-json\/wp\/v2\/pages\/30\/revisions"}],"predecessor-version":[{"id":613,"href":"https:\/\/club-informatique-laroque.fr\/index.php\/wp-json\/wp\/v2\/pages\/30\/revisions\/613"}],"wp:attachment":[{"href":"https:\/\/club-informatique-laroque.fr\/index.php\/wp-json\/wp\/v2\/media?parent=30"}],"curies":[{"name":"wp","href":"https:\/\/api.w.org\/{rel}","templated":true}]}}